{"id":8689,"date":"2021-11-25T10:41:48","date_gmt":"2021-11-25T07:41:48","guid":{"rendered":"https:\/\/demo.medyaikon.com\/smsenerji\/?page_id=8689"},"modified":"2021-11-25T11:44:55","modified_gmt":"2021-11-25T08:44:55","slug":"termik-sistemler","status":"publish","type":"page","link":"https:\/\/www.smsenerji.com\/fr\/termik-sistemler","title":{"rendered":"Syst\u00e8mes thermiques"},"content":{"rendered":"<div data-elementor-type=\"wp-page\" data-elementor-id=\"8689\" class=\"elementor elementor-8689\" data-elementor-post-type=\"page\">\n\t\t\t\t\t\t<section class=\"wd-negative-gap elementor-section elementor-top-section elementor-element elementor-element-fc1ab93 elementor-section-height-full wd-section-stretch elementor-section-boxed elementor-section-height-default elementor-section-items-middle\" data-id=\"fc1ab93\" data-element_type=\"section\" data-e-type=\"section\" data-settings=\"{&quot;background_background&quot;:&quot;classic&quot;}\">\n\t\t\t\t\t\t\t<div class=\"elementor-background-overlay\"><\/div>\n\t\t\t\t\t\t\t<div class=\"elementor-container elementor-column-gap-default\">\n\t\t\t\t\t<div class=\"elementor-column elementor-col-100 elementor-top-column elementor-element elementor-element-1d23bf1\" data-id=\"1d23bf1\" data-element_type=\"column\" data-e-type=\"column\">\n\t\t\t<div class=\"elementor-widget-wrap elementor-element-populated\">\n\t\t\t\t\t\t<section class=\"wd-negative-gap elementor-section elementor-inner-section elementor-element elementor-element-f1ebed9 elementor-section-boxed elementor-section-height-default elementor-section-height-default elementor-invisible\" data-id=\"f1ebed9\" data-element_type=\"section\" data-e-type=\"section\" data-settings=\"{&quot;animation&quot;:&quot;fadeInUp&quot;}\">\n\t\t\t\t\t\t<div class=\"elementor-container elementor-column-gap-extended\">\n\t\t\t\t\t<div class=\"elementor-column elementor-col-50 elementor-inner-column elementor-element elementor-element-6b435ae\" data-id=\"6b435ae\" data-element_type=\"column\" data-e-type=\"column\">\n\t\t\t<div class=\"elementor-widget-wrap elementor-element-populated\">\n\t\t\t\t\t\t<div class=\"elementor-element elementor-element-da220fb elementor-widget elementor-widget-heading\" data-id=\"da220fb\" data-element_type=\"widget\" data-e-type=\"widget\" data-widget_type=\"heading.default\">\n\t\t\t\t<div class=\"elementor-widget-container\">\n\t\t\t\t\t<h2 class=\"elementor-heading-title elementor-size-default\">Production industrielle de vapeur<\/h2>\t\t\t\t<\/div>\n\t\t\t\t<\/div>\n\t\t\t\t<div class=\"elementor-element elementor-element-aa3030d color-scheme-inherit text-left elementor-widget elementor-widget-text-editor\" data-id=\"aa3030d\" data-element_type=\"widget\" data-e-type=\"widget\" data-widget_type=\"text-editor.default\">\n\t\t\t\t<div class=\"elementor-widget-container\">\n\t\t\t\t\t\t\t\t\t<p>Environ 20 % des ressources \u00e9nerg\u00e9tiques mondiales sont consomm\u00e9es uniquement par l'industrie. En d'autres termes, l'industrie consomme plus de 20 milliards de barils de p\u00e9trole par an, ce qui entra\u00eene le rejet de plus d'un milliard de tonnes de CO2 dans l'atmosph\u00e8re.<\/p><p>Dans notre pays, les prix de l'\u00e9nergie ont augment\u00e9 d'environ 20 % par an au cours des dix derni\u00e8res ann\u00e9es... Avec l'augmentation constante des besoins en \u00e9nergie dans le monde, la hausse des prix se poursuivra \u00e9galement de mani\u00e8re constante. Selon les estimations, d'ici la fin de l'ann\u00e9e 2050, les besoins en \u00e9nergie de l'industrie auront quadrupl\u00e9. Cette pr\u00e9vision indique \u00e9galement que les prix de l'\u00e9nergie continueront d'augmenter. Une autre r\u00e9alit\u00e9 est que les r\u00e9serves de p\u00e9trole existantes seront \u00e9puis\u00e9es d'ici 2050...<\/p><p>Conclusion : l'augmentation des prix de l'\u00e9nergie aura un impact sur les prix de la production industrielle et constituera le plus grand probl\u00e8me de l'industrie \u00e0 l'avenir.<\/p><p>Gr\u00e2ce aux collecteurs sp\u00e9ciaux fabriqu\u00e9s par notre partenaire allemand, nous pouvons atteindre les temp\u00e9ratures \u00e9lev\u00e9es n\u00e9cessaires \u00e0 l'industrie pour le chauffage et le refroidissement. Atteindre les temp\u00e9ratures de 400 \u00b0C n\u00e9cessaires \u00e0 l'industrie et aux applications implique une consommation d'\u00e9nergie de plusieurs centaines de gigawatts. Avec les syst\u00e8mes que nous proposons, \u00ab le soleil ne vous enverra jamais de facture \u00bb.<\/p>\t\t\t\t\t\t\t\t<\/div>\n\t\t\t\t<\/div>\n\t\t\t\t\t<\/div>\n\t\t<\/div>\n\t\t\t\t<div class=\"elementor-column elementor-col-50 elementor-inner-column elementor-element elementor-element-49a1d4b\" data-id=\"49a1d4b\" data-element_type=\"column\" data-e-type=\"column\">\n\t\t\t<div class=\"elementor-widget-wrap elementor-element-populated\">\n\t\t\t\t\t\t<div class=\"elementor-element elementor-element-45620e9 elementor-widget elementor-widget-wd_button\" data-id=\"45620e9\" data-element_type=\"widget\" data-e-type=\"widget\" data-widget_type=\"wd_button.default\">\n\t\t\t\t<div class=\"elementor-widget-container\">\n\t\t\t\t\t\t\t<div class=\"wd-button-wrapper text-left\" >\n\t\t\t<a class=\"btn btn-style-bordered btn-shape-rectangle btn-size-large btn-color-white btn-full-width btn-icon-pos-left\"  href=\"#\">\n\t\t\t\t<span class=\"wd-btn-text\" data-elementor-setting-key=\"text\">\n\t\t\t\t\tCatalogue\t\t\t\t<\/span>\n\n\t\t\t\t\t\t\t\t\t<span class=\"wd-btn-icon\">\n\t\t\t\t\t\t<span class=\"wd-icon far fa-file-pdf\"><\/span>\t\t\t\t\t<\/span>\n\t\t\t\t\t\t\t<\/a>\n\t\t<\/div>\n\t\t\t\t\t\t<\/div>\n\t\t\t\t<\/div>\n\t\t\t\t<div class=\"elementor-element elementor-element-77b700b elementor-widget elementor-widget-wd_button\" data-id=\"77b700b\" data-element_type=\"widget\" data-e-type=\"widget\" data-widget_type=\"wd_button.default\">\n\t\t\t\t<div class=\"elementor-widget-container\">\n\t\t\t\t\t\t\t<div class=\"wd-button-wrapper text-left\" >\n\t\t\t<a class=\"btn btn-style-bordered btn-shape-rectangle btn-size-large btn-color-white btn-full-width btn-icon-pos-left\"  href=\"#\">\n\t\t\t\t<span class=\"wd-btn-text\" data-elementor-setting-key=\"text\">\n\t\t\t\t\tPr\u00e9sentation\t\t\t\t<\/span>\n\n\t\t\t\t\t\t\t\t\t<span class=\"wd-btn-icon\">\n\t\t\t\t\t\t<span class=\"wd-icon far fa-file-pdf\"><\/span>\t\t\t\t\t<\/span>\n\t\t\t\t\t\t\t<\/a>\n\t\t<\/div>\n\t\t\t\t\t\t<\/div>\n\t\t\t\t<\/div>\n\t\t\t\t<div class=\"elementor-element elementor-element-c98cf30 elementor-widget elementor-widget-wd_button\" data-id=\"c98cf30\" data-element_type=\"widget\" data-e-type=\"widget\" data-widget_type=\"wd_button.default\">\n\t\t\t\t<div class=\"elementor-widget-container\">\n\t\t\t\t\t\t\t<div class=\"wd-button-wrapper text-left\" >\n\t\t\t<a class=\"btn btn-style-bordered btn-shape-rectangle btn-size-large btn-color-white btn-full-width btn-icon-pos-left\"  href=\"#\">\n\t\t\t\t<span class=\"wd-btn-text\" data-elementor-setting-key=\"text\">\n\t\t\t\t\tAffiche\t\t\t\t<\/span>\n\n\t\t\t\t\t\t\t\t\t<span class=\"wd-btn-icon\">\n\t\t\t\t\t\t<span class=\"wd-icon far fa-file-pdf\"><\/span>\t\t\t\t\t<\/span>\n\t\t\t\t\t\t\t<\/a>\n\t\t<\/div>\n\t\t\t\t\t\t<\/div>\n\t\t\t\t<\/div>\n\t\t\t\t\t<\/div>\n\t\t<\/div>\n\t\t\t\t\t<\/div>\n\t\t<\/section>\n\t\t\t\t\t<\/div>\n\t\t<\/div>\n\t\t\t\t\t<\/div>\n\t\t<\/section>\n\t\t\t\t<section class=\"wd-negative-gap elementor-section elementor-top-section elementor-element elementor-element-0901e81 elementor-section-height-full wd-section-stretch elementor-section-boxed elementor-section-height-default elementor-section-items-middle\" data-id=\"0901e81\" data-element_type=\"section\" data-e-type=\"section\" data-settings=\"{&quot;background_background&quot;:&quot;classic&quot;}\">\n\t\t\t\t\t\t\t<div class=\"elementor-background-overlay\"><\/div>\n\t\t\t\t\t\t\t<div class=\"elementor-container elementor-column-gap-default\">\n\t\t\t\t\t<div class=\"elementor-column elementor-col-100 elementor-top-column elementor-element elementor-element-7e82e6a\" data-id=\"7e82e6a\" data-element_type=\"column\" data-e-type=\"column\">\n\t\t\t<div class=\"elementor-widget-wrap elementor-element-populated\">\n\t\t\t\t\t\t<section class=\"wd-negative-gap elementor-section elementor-inner-section elementor-element elementor-element-6750755 elementor-section-boxed elementor-section-height-default elementor-section-height-default elementor-invisible\" data-id=\"6750755\" data-element_type=\"section\" data-e-type=\"section\" data-settings=\"{&quot;animation&quot;:&quot;fadeInUp&quot;}\">\n\t\t\t\t\t\t<div class=\"elementor-container elementor-column-gap-extended\">\n\t\t\t\t\t<div class=\"elementor-column elementor-col-50 elementor-inner-column elementor-element elementor-element-55e12ec\" data-id=\"55e12ec\" data-element_type=\"column\" data-e-type=\"column\">\n\t\t\t<div class=\"elementor-widget-wrap elementor-element-populated\">\n\t\t\t\t\t\t<div class=\"elementor-element elementor-element-d9e9734 elementor-widget elementor-widget-heading\" data-id=\"d9e9734\" data-element_type=\"widget\" data-e-type=\"widget\" data-widget_type=\"heading.default\">\n\t\t\t\t<div class=\"elementor-widget-container\">\n\t\t\t\t\t<h2 class=\"elementor-heading-title elementor-size-default\">Syst\u00e8mes de chauffage-refroidissement thermiques<\/h2>\t\t\t\t<\/div>\n\t\t\t\t<\/div>\n\t\t\t\t<div class=\"elementor-element elementor-element-1f4c3c2 color-scheme-inherit text-left elementor-widget elementor-widget-text-editor\" data-id=\"1f4c3c2\" data-element_type=\"widget\" data-e-type=\"widget\" data-widget_type=\"text-editor.default\">\n\t\t\t\t<div class=\"elementor-widget-container\">\n\t\t\t\t\t\t\t\t\t<p>SMS-Enerji, S\u00e9ries Yunus et Bery Collecteurs plats Les collecteurs sont fabriqu\u00e9s en Autriche, dans les installations les plus modernes d'Europe, \u00e0 l'aide de la technologie robotique.<\/p><p class=\"translation-block\">Gr\u00e2ce \u00e0 leur conception sp\u00e9ciale, le nombre de pi\u00e8ces utilis\u00e9es dans la fabrication des capteurs a \u00e9t\u00e9 r\u00e9duit au minimum. L'assemblage des pi\u00e8ces est r\u00e9alis\u00e9 \u00e0 l'aide d'adh\u00e9sifs bicomposants sp\u00e9cialement d\u00e9velopp\u00e9s.\nLes collecteurs Yunus et Bery sont \u00e9quip\u00e9s d'absorbeurs AlCu\nrecouverts d'un mat\u00e9riau hautement s\u00e9lectif.<\/p><p>Gr\u00e2ce aux syst\u00e8mes d'assemblage modulaires d\u00e9velopp\u00e9s, les colecteurs Yunus et Bery peuvent \u00eatre install\u00e9s sur des surfaces planes, sur les toits et \u00e0 l'int\u00e9rieur des toits ; sur des surfaces planes, sur des toits \u00e0 45\u00b0 et \u00e0 l'int\u00e9rieur des toits.<\/p>\t\t\t\t\t\t\t\t<\/div>\n\t\t\t\t<\/div>\n\t\t\t\t\t<\/div>\n\t\t<\/div>\n\t\t\t\t<div class=\"elementor-column elementor-col-50 elementor-inner-column elementor-element elementor-element-66100c1\" data-id=\"66100c1\" data-element_type=\"column\" data-e-type=\"column\">\n\t\t\t<div class=\"elementor-widget-wrap elementor-element-populated\">\n\t\t\t\t\t\t<div class=\"elementor-element elementor-element-5682d13 elementor-widget elementor-widget-wd_button\" data-id=\"5682d13\" data-element_type=\"widget\" data-e-type=\"widget\" data-widget_type=\"wd_button.default\">\n\t\t\t\t<div class=\"elementor-widget-container\">\n\t\t\t\t\t\t\t<div class=\"wd-button-wrapper text-left\" >\n\t\t\t<a class=\"btn btn-style-bordered btn-shape-rectangle btn-size-large btn-color-black btn-full-width btn-icon-pos-left\"  href=\"#\">\n\t\t\t\t<span class=\"wd-btn-text\" data-elementor-setting-key=\"text\">\n\t\t\t\t\t SMS Energy Collecteurs\t\t\t\t<\/span>\n\n\t\t\t\t\t\t\t\t\t<span class=\"wd-btn-icon\">\n\t\t\t\t\t\t<span class=\"wd-icon far fa-file-pdf\"><\/span>\t\t\t\t\t<\/span>\n\t\t\t\t\t\t\t<\/a>\n\t\t<\/div>\n\t\t\t\t\t\t<\/div>\n\t\t\t\t<\/div>\n\t\t\t\t<div class=\"elementor-element elementor-element-d69df6a elementor-widget elementor-widget-wd_button\" data-id=\"d69df6a\" data-element_type=\"widget\" data-e-type=\"widget\" data-widget_type=\"wd_button.default\">\n\t\t\t\t<div class=\"elementor-widget-container\">\n\t\t\t\t\t\t\t<div class=\"wd-button-wrapper text-left\" >\n\t\t\t<a class=\"btn btn-style-bordered btn-shape-rectangle btn-size-large btn-color-black btn-full-width btn-icon-pos-left\"  href=\"#\">\n\t\t\t\t<span class=\"wd-btn-text\" data-elementor-setting-key=\"text\">\n\t\t\t\t\t GASOKOL Syst\u00e8mes de chauffage et de refroidissement\t\t\t\t<\/span>\n\n\t\t\t\t\t\t\t\t\t<span class=\"wd-btn-icon\">\n\t\t\t\t\t\t<span class=\"wd-icon far fa-file-pdf\"><\/span>\t\t\t\t\t<\/span>\n\t\t\t\t\t\t\t<\/a>\n\t\t<\/div>\n\t\t\t\t\t\t<\/div>\n\t\t\t\t<\/div>\n\t\t\t\t<div class=\"elementor-element elementor-element-a508ba1 elementor-widget elementor-widget-wd_button\" data-id=\"a508ba1\" data-element_type=\"widget\" data-e-type=\"widget\" data-widget_type=\"wd_button.default\">\n\t\t\t\t<div class=\"elementor-widget-container\">\n\t\t\t\t\t\t\t<div class=\"wd-button-wrapper text-left\" >\n\t\t\t<a class=\"btn btn-style-bordered btn-shape-rectangle btn-size-large btn-color-black btn-full-width btn-icon-pos-left\"  href=\"#\">\n\t\t\t\t<span class=\"wd-btn-text\" data-elementor-setting-key=\"text\">\n\t\t\t\t\t Collecteurs GASOKOL\t\t\t\t<\/span>\n\n\t\t\t\t\t\t\t\t\t<span class=\"wd-btn-icon\">\n\t\t\t\t\t\t<span class=\"wd-icon far fa-file-pdf\"><\/span>\t\t\t\t\t<\/span>\n\t\t\t\t\t\t\t<\/a>\n\t\t<\/div>\n\t\t\t\t\t\t<\/div>\n\t\t\t\t<\/div>\n\t\t\t\t<div class=\"elementor-element elementor-element-79aa494 elementor-widget elementor-widget-wd_button\" data-id=\"79aa494\" data-element_type=\"widget\" data-e-type=\"widget\" data-widget_type=\"wd_button.default\">\n\t\t\t\t<div class=\"elementor-widget-container\">\n\t\t\t\t\t\t\t<div class=\"wd-button-wrapper text-left\" >\n\t\t\t<a class=\"btn btn-style-bordered btn-shape-rectangle btn-size-large btn-color-black btn-full-width btn-icon-pos-left\"  href=\"#\">\n\t\t\t\t<span class=\"wd-btn-text\" data-elementor-setting-key=\"text\">\n\t\t\t\t\t SMS Energy Collecteurs - 2\t\t\t\t<\/span>\n\n\t\t\t\t\t\t\t\t\t<span class=\"wd-btn-icon\">\n\t\t\t\t\t\t<span class=\"wd-icon far fa-file-pdf\"><\/span>\t\t\t\t\t<\/span>\n\t\t\t\t\t\t\t<\/a>\n\t\t<\/div>\n\t\t\t\t\t\t<\/div>\n\t\t\t\t<\/div>\n\t\t\t\t\t<\/div>\n\t\t<\/div>\n\t\t\t\t\t<\/div>\n\t\t<\/section>\n\t\t\t\t\t<\/div>\n\t\t<\/div>\n\t\t\t\t\t<\/div>\n\t\t<\/section>\n\t\t\t\t<section class=\"wd-negative-gap elementor-section elementor-top-section elementor-element elementor-element-ac063a4 wd-section-stretch elementor-section-boxed elementor-section-height-default elementor-section-height-default\" data-id=\"ac063a4\" data-element_type=\"section\" data-e-type=\"section\" data-settings=\"{&quot;background_background&quot;:&quot;classic&quot;}\">\n\t\t\t\t\t\t<div class=\"elementor-container elementor-column-gap-default\">\n\t\t\t\t\t<div class=\"elementor-column elementor-col-100 elementor-top-column elementor-element elementor-element-4f269e6\" data-id=\"4f269e6\" data-element_type=\"column\" data-e-type=\"column\">\n\t\t\t<div class=\"elementor-widget-wrap elementor-element-populated\">\n\t\t\t\t\t\t<section class=\"wd-negative-gap elementor-section elementor-inner-section elementor-element elementor-element-be68fa7 elementor-section-boxed elementor-section-height-default elementor-section-height-default elementor-invisible\" data-id=\"be68fa7\" data-element_type=\"section\" data-e-type=\"section\" data-settings=\"{&quot;animation&quot;:&quot;fadeInUp&quot;}\">\n\t\t\t\t\t\t<div class=\"elementor-container elementor-column-gap-extended\">\n\t\t\t\t\t<div class=\"elementor-column elementor-col-50 elementor-inner-column elementor-element elementor-element-c0718e0\" data-id=\"c0718e0\" data-element_type=\"column\" data-e-type=\"column\">\n\t\t\t<div class=\"elementor-widget-wrap elementor-element-populated\">\n\t\t\t\t\t\t<div class=\"elementor-element elementor-element-5151f9a elementor-widget elementor-widget-heading\" data-id=\"5151f9a\" data-element_type=\"widget\" data-e-type=\"widget\" data-widget_type=\"heading.default\">\n\t\t\t\t<div class=\"elementor-widget-container\">\n\t\t\t\t\t<h2 class=\"elementor-heading-title elementor-size-default\">Syst\u00e8mes de monitoring thermique<\/h2>\t\t\t\t<\/div>\n\t\t\t\t<\/div>\n\t\t\t\t<div class=\"elementor-element elementor-element-395afde color-scheme-inherit text-left elementor-widget elementor-widget-text-editor\" data-id=\"395afde\" data-element_type=\"widget\" data-e-type=\"widget\" data-widget_type=\"text-editor.default\">\n\t\t\t\t<div class=\"elementor-widget-container\">\n\t\t\t\t\t\t\t\t\t<p>Prozeda Allemagne, qui existe depuis pr\u00e8s de 20 ans, a d\u00e9cid\u00e9 fin 2013 de confier \u00e0 SMS Enerji la vente et le service apr\u00e8s-vente de tous ses produits en Turquie. \u00c0 la fin de l'ann\u00e9e 2013, SMS Enerji a officiellement obtenu le droit de distribuer les produits Prozeda en Turquie. Prozeda produit des syst\u00e8mes de contr\u00f4le miniatures \u00e9lectroniques pour les syst\u00e8mes de chauffage et les syst\u00e8mes d'\u00e9nergie solaire. Des dizaines de milliers de produits sont vendus dans de nombreux pays \u00e0 travers le monde gr\u00e2ce \u00e0 un r\u00e9seau de vente et de service apr\u00e8s-vente.<\/p><p>De nombreux utilisateurs de syst\u00e8mes d'\u00e9nergie solaire thermique ne sont pas conscients de la rentabilit\u00e9 \u00e9conomique (ou de l'absence de rentabilit\u00e9) du syst\u00e8me qu'ils utilisent. Ce probl\u00e8me est particuli\u00e8rement pr\u00e9occupant dans le cas des grands syst\u00e8mes (h\u00f4tels, motels, r\u00e9sidences universitaires, etc.). Malheureusement, en raison des erreurs de simulation et d'installation commises par de nombreuses entreprises, la plupart des syst\u00e8mes install\u00e9s ne fonctionnent pas ou tr\u00e8s peu efficacement. Le syst\u00e8me de contr\u00f4le \u00e0 distance, qui, selon nous, facilitera grandement l'utilisation et le contr\u00f4le des syst\u00e8mes par l'utilisateur, est disponible depuis janvier 2014. Si l'utilisateur le souhaite, le contr\u00f4le de l'ensemble du syst\u00e8me peut \u00eatre effectu\u00e9 par de v\u00e9ritables professionnels gr\u00e2ce \u00e0 la connexion au syst\u00e8me de \u00ab surveillance centralis\u00e9e \u00bb mis en place par SMS Enerji \u00e0 l'universit\u00e9 Pamukkale, \u00e0 Teknokent, ce qui permet d'intervenir imm\u00e9diatement en cas d'erreurs.<\/p>\t\t\t\t\t\t\t\t<\/div>\n\t\t\t\t<\/div>\n\t\t\t\t\t<\/div>\n\t\t<\/div>\n\t\t\t\t<div class=\"elementor-column elementor-col-50 elementor-inner-column elementor-element elementor-element-aead1ed\" data-id=\"aead1ed\" data-element_type=\"column\" data-e-type=\"column\">\n\t\t\t<div class=\"elementor-widget-wrap elementor-element-populated\">\n\t\t\t\t\t\t<div class=\"elementor-element elementor-element-b2c0667 elementor-widget elementor-widget-image\" data-id=\"b2c0667\" data-element_type=\"widget\" data-e-type=\"widget\" data-widget_type=\"image.default\">\n\t\t\t\t<div class=\"elementor-widget-container\">\n\t\t\t\t\t\t\t\t\t\t\t\t\t\t\t<img decoding=\"async\" width=\"701\" height=\"657\" src=\"https:\/\/www.smsenerji.com\/wp-content\/uploads\/2021\/11\/Termikmonitoring.jpg\" class=\"attachment-large size-large wp-image-8711\" alt=\"\" srcset=\"https:\/\/www.smsenerji.com\/wp-content\/uploads\/2021\/11\/Termikmonitoring.jpg 701w, https:\/\/www.smsenerji.com\/wp-content\/uploads\/2021\/11\/Termikmonitoring-320x300.jpg 320w, https:\/\/www.smsenerji.com\/wp-content\/uploads\/2021\/11\/Termikmonitoring-430x403.jpg 430w, https:\/\/www.smsenerji.com\/wp-content\/uploads\/2021\/11\/Termikmonitoring-150x141.jpg 150w\" sizes=\"(max-width: 701px) 100vw, 701px\" \/>\t\t\t\t\t\t\t\t\t\t\t\t\t\t\t<\/div>\n\t\t\t\t<\/div>\n\t\t\t\t\t<\/div>\n\t\t<\/div>\n\t\t\t\t\t<\/div>\n\t\t<\/section>\n\t\t\t\t\t<\/div>\n\t\t<\/div>\n\t\t\t\t\t<\/div>\n\t\t<\/section>\n\t\t\t\t<section class=\"wd-negative-gap elementor-section elementor-top-section elementor-element elementor-element-eeca6ac wd-section-stretch elementor-section-boxed elementor-section-height-default elementor-section-height-default\" data-id=\"eeca6ac\" data-element_type=\"section\" data-e-type=\"section\">\n\t\t\t\t\t\t<div class=\"elementor-container elementor-column-gap-default\">\n\t\t\t\t\t<div class=\"elementor-column elementor-col-100 elementor-top-column elementor-element elementor-element-4670b29\" data-id=\"4670b29\" data-element_type=\"column\" data-e-type=\"column\">\n\t\t\t<div class=\"elementor-widget-wrap elementor-element-populated\">\n\t\t\t\t\t\t<section class=\"wd-negative-gap elementor-section elementor-inner-section elementor-element elementor-element-e851380 elementor-section-boxed elementor-section-height-default elementor-section-height-default elementor-invisible\" data-id=\"e851380\" data-element_type=\"section\" data-e-type=\"section\" data-settings=\"{&quot;animation&quot;:&quot;fadeInUp&quot;}\">\n\t\t\t\t\t\t<div class=\"elementor-container elementor-column-gap-extended\">\n\t\t\t\t\t<div class=\"elementor-column elementor-col-50 elementor-inner-column elementor-element elementor-element-133103e\" data-id=\"133103e\" data-element_type=\"column\" data-e-type=\"column\">\n\t\t\t<div class=\"elementor-widget-wrap elementor-element-populated\">\n\t\t\t\t\t\t<div class=\"elementor-element elementor-element-442ab95 color-scheme-inherit text-left elementor-widget elementor-widget-text-editor\" data-id=\"442ab95\" data-element_type=\"widget\" data-e-type=\"widget\" data-widget_type=\"text-editor.default\">\n\t\t\t\t<div class=\"elementor-widget-container\">\n\t\t\t\t\t\t\t\t\t<p>Il n'est pas n\u00e9cessaire que le syst\u00e8me soit nouvellement install\u00e9 pour pouvoir l'utiliser. En adaptant les dispositifs de contr\u00f4le n\u00e9cessaires aux syst\u00e8mes d'\u00e9nergie solaire et de chauffage existants, le contr\u00f4le de l'ensemble du syst\u00e8me peut \u00eatre effectu\u00e9 \u00e0 distance, \u00e0 l'aide d'un ordinateur, d'une tablette ou d'un t\u00e9l\u00e9phone portable. Gr\u00e2ce \u00e0 ce syst\u00e8me, votre syst\u00e8me install\u00e9\/\u00e0 installer sera entre vos mains, celles des personnes que vous autorisez ou celles des professionnels de SMS Enerji, 24 heures sur 24, 365 jours par an... Vous n'aurez plus \u00e0 vous demander si vous aurez de l'eau chaude demain, ni \u00e0 passer des nuits blanches \u00e0 cause de vos factures de fioul\/gaz.<\/p><p>Tous les composants de contr\u00f4le de votre syst\u00e8me existant, par exemple les capteurs de chaleur, les sorties de pompe, sont connect\u00e9s \u00e0 notre dispositif de contr\u00f4le Primos 600. Une fois la connexion \u00e9tablie avec le Conexio 200, appel\u00e9 Webmod\u00fcl, via le Primos 600, l'ensemble du syst\u00e8me passe en ligne via un routeur. Vous pouvez commencer \u00e0 contr\u00f4ler votre syst\u00e8me \u00e0 l'aide des mots de passe qui vous seront fournis par notre soci\u00e9t\u00e9...<\/p><p>Si vous le souhaitez, vous pouvez accorder \u00e0 diff\u00e9rents utilisateurs le droit de contr\u00f4ler le syst\u00e8me ou d'intervenir sur le syst\u00e8me...<\/p><p>Sur votre PC, votre tablette ou votre t\u00e9l\u00e9phone portable, vous pouvez voir les temp\u00e9ratures de toutes les zones, quelle pompe est active et laquelle est en panne, comme le montre l'ic\u00f4ne ci-contre... Si vous le souhaitez, vous pouvez modifier tous les param\u00e8tres du syst\u00e8me et le rendre actif ou passif. Bien que l'image ci-contre soit symbolique, si vous le souhaitez, elle peut \u00eatre remplac\u00e9e par l'image r\u00e9elle de votre syst\u00e8me et le logo de votre entreprise...<\/p><p>Vous pouvez afficher cette image, qui indique les temp\u00e9ratures, sur votre PC, votre tablette ou votre t\u00e9l\u00e9phone portable, ainsi qu'\u00e0 l'entr\u00e9e du b\u00e2timent, afin de la montrer \u00e0 vos clients...<\/p>\t\t\t\t\t\t\t\t<\/div>\n\t\t\t\t<\/div>\n\t\t\t\t\t<\/div>\n\t\t<\/div>\n\t\t\t\t<div class=\"elementor-column elementor-col-50 elementor-inner-column elementor-element elementor-element-433fe71\" data-id=\"433fe71\" data-element_type=\"column\" data-e-type=\"column\">\n\t\t\t<div class=\"elementor-widget-wrap elementor-element-populated\">\n\t\t\t\t\t\t<div class=\"elementor-element elementor-element-04410d0 elementor-widget elementor-widget-image\" data-id=\"04410d0\" data-element_type=\"widget\" data-e-type=\"widget\" data-widget_type=\"image.default\">\n\t\t\t\t<div class=\"elementor-widget-container\">\n\t\t\t\t\t\t\t\t\t\t\t\t\t\t\t<img decoding=\"async\" width=\"1300\" height=\"776\" src=\"https:\/\/www.smsenerji.com\/wp-content\/uploads\/2021\/11\/Bel12-1300x776.jpg\" class=\"attachment-large size-large wp-image-8713\" alt=\"\" srcset=\"https:\/\/www.smsenerji.com\/wp-content\/uploads\/2021\/11\/Bel12-1300x776.jpg 1300w, https:\/\/www.smsenerji.com\/wp-content\/uploads\/2021\/11\/Bel12-400x239.jpg 400w, https:\/\/www.smsenerji.com\/wp-content\/uploads\/2021\/11\/Bel12-768x458.jpg 768w, https:\/\/www.smsenerji.com\/wp-content\/uploads\/2021\/11\/Bel12-1536x917.jpg 1536w, https:\/\/www.smsenerji.com\/wp-content\/uploads\/2021\/11\/Bel12-860x513.jpg 860w, https:\/\/www.smsenerji.com\/wp-content\/uploads\/2021\/11\/Bel12-430x257.jpg 430w, https:\/\/www.smsenerji.com\/wp-content\/uploads\/2021\/11\/Bel12-700x418.jpg 700w, https:\/\/www.smsenerji.com\/wp-content\/uploads\/2021\/11\/Bel12-150x90.jpg 150w, https:\/\/www.smsenerji.com\/wp-content\/uploads\/2021\/11\/Bel12.jpg 1600w\" sizes=\"(max-width: 1300px) 100vw, 1300px\" \/>\t\t\t\t\t\t\t\t\t\t\t\t\t\t\t<\/div>\n\t\t\t\t<\/div>\n\t\t\t\t\t<\/div>\n\t\t<\/div>\n\t\t\t\t\t<\/div>\n\t\t<\/section>\n\t\t\t\t\t<\/div>\n\t\t<\/div>\n\t\t\t\t\t<\/div>\n\t\t<\/section>\n\t\t\t\t<\/div>","protected":false},"excerpt":{"rendered":"<p>End\u00fcstriyel Buhar \u00dcretimi D\u00fcnya enerji kaynaklar\u0131n\u0131n yakla\u015f\u0131k %20 si sadece end\u00fcstri taraf\u0131ndan t\u00fcketilmektedir. Ba\u015fka bir deyi\u015fle end\u00fcstri taraf\u0131ndan y\u0131lda yakla\u015f\u0131k<\/p>","protected":false},"author":1,"featured_media":0,"parent":0,"menu_order":0,"comment_status":"closed","ping_status":"closed","template":"","meta":{"footnotes":""},"class_list":["post-8689","page","type-page","status-publish","hentry"],"_links":{"self":[{"href":"https:\/\/www.smsenerji.com\/fr\/wp-json\/wp\/v2\/pages\/8689","targetHints":{"allow":["GET"]}}],"collection":[{"href":"https:\/\/www.smsenerji.com\/fr\/wp-json\/wp\/v2\/pages"}],"about":[{"href":"https:\/\/www.smsenerji.com\/fr\/wp-json\/wp\/v2\/types\/page"}],"author":[{"embeddable":true,"href":"https:\/\/www.smsenerji.com\/fr\/wp-json\/wp\/v2\/users\/1"}],"replies":[{"embeddable":true,"href":"https:\/\/www.smsenerji.com\/fr\/wp-json\/wp\/v2\/comments?post=8689"}],"version-history":[{"count":0,"href":"https:\/\/www.smsenerji.com\/fr\/wp-json\/wp\/v2\/pages\/8689\/revisions"}],"wp:attachment":[{"href":"https:\/\/www.smsenerji.com\/fr\/wp-json\/wp\/v2\/media?parent=8689"}],"curies":[{"name":"wp","href":"https:\/\/api.w.org\/{rel}","templated":true}]}}