{"id":8658,"date":"2021-11-24T00:09:39","date_gmt":"2021-11-23T21:09:39","guid":{"rendered":"https:\/\/demo.medyaikon.com\/smsenerji\/?page_id=8658"},"modified":"2021-11-24T00:16:55","modified_gmt":"2021-11-23T21:16:55","slug":"gunes-paneli-test-cihazi","status":"publish","type":"page","link":"https:\/\/www.smsenerji.com\/fr\/gunes-paneli-test-cihazi","title":{"rendered":"Appareil de test pour panneaux solaires"},"content":{"rendered":"<div data-elementor-type=\"wp-page\" data-elementor-id=\"8658\" class=\"elementor elementor-8658\" data-elementor-post-type=\"page\">\n\t\t\t\t\t\t<section class=\"wd-negative-gap elementor-section elementor-top-section elementor-element elementor-element-8642f30 elementor-section-boxed elementor-section-height-default elementor-section-height-default\" data-id=\"8642f30\" data-element_type=\"section\" data-e-type=\"section\">\n\t\t\t\t\t\t<div class=\"elementor-container elementor-column-gap-default\">\n\t\t\t\t\t<div class=\"elementor-column elementor-col-100 elementor-top-column elementor-element elementor-element-cbbb382\" data-id=\"cbbb382\" data-element_type=\"column\" data-e-type=\"column\">\n\t\t\t<div class=\"elementor-widget-wrap elementor-element-populated\">\n\t\t\t\t\t\t<div class=\"elementor-element elementor-element-c39a237 color-scheme-inherit text-left elementor-widget elementor-widget-text-editor\" data-id=\"c39a237\" data-element_type=\"widget\" data-e-type=\"widget\" data-widget_type=\"text-editor.default\">\n\t\t\t\t<div class=\"elementor-widget-container\">\n\t\t\t\t\t\t\t\t\t<p>\u00c0 l'aide de notre appareil de test allemand, nous mesurons les param\u00e8tres et l'efficacit\u00e9 des panneaux afin d'identifier ceux qui sont endommag\u00e9s. Nous \u00e9vitons ainsi toute perte d'efficacit\u00e9 dans les installations.<\/p>\t\t\t\t\t\t\t\t<\/div>\n\t\t\t\t<\/div>\n\t\t\t\t\t<\/div>\n\t\t<\/div>\n\t\t\t\t\t<\/div>\n\t\t<\/section>\n\t\t\t\t<section class=\"wd-negative-gap elementor-section elementor-top-section elementor-element elementor-element-cbbd8f9 elementor-section-boxed elementor-section-height-default elementor-section-height-default\" data-id=\"cbbd8f9\" data-element_type=\"section\" data-e-type=\"section\">\n\t\t\t\t\t\t<div class=\"elementor-container elementor-column-gap-default\">\n\t\t\t\t\t<div class=\"elementor-column elementor-col-100 elementor-top-column elementor-element elementor-element-4246ac1\" data-id=\"4246ac1\" data-element_type=\"column\" data-e-type=\"column\">\n\t\t\t<div class=\"elementor-widget-wrap elementor-element-populated\">\n\t\t\t\t\t\t<div class=\"elementor-element elementor-element-4157136 wd-width-100 elementor-widget elementor-widget-wd_images_gallery\" data-id=\"4157136\" data-element_type=\"widget\" data-e-type=\"widget\" data-widget_type=\"wd_images_gallery.default\">\n\t\t\t\t<div class=\"elementor-widget-container\">\n\t\t\t\t\t\t\t<div class=\"wd-images-gallery photoswipe-images\" style=\"--wd-align-items:center; --wd-justify-content:center;\">\n\t\t\t\t\t\t<div class=\"wd-grid-g\" style=\"--wd-col-lg:3;--wd-col-md:3;--wd-col-sm:1;--wd-gap-lg:0px;\" >\n\t\t\t\t\t\t\t\t\t\t\t\t\t\t\t\t\t\t<div class=\"wd-gallery-item wd-col\">\n\t\t\t\t\t\t\t\t\t\t\t\t\t<a  href=\"https:\/\/www.smsenerji.com\/wp-content\/uploads\/2021\/11\/080618144323.jpg\" data-width=\"400\" data-height=\"300\" data-index=\"1\" data-elementor-open-lightbox=\"no\">\n\t\t\t\t\t\t\n\t\t\t\t\t\t<img decoding=\"async\" width=\"400\" height=\"300\" src=\"https:\/\/www.smsenerji.com\/wp-content\/uploads\/2021\/11\/080618144323-400x300.jpg\" class=\"attachment-medium size-medium\" alt=\"080618144323\" srcset=\"https:\/\/www.smsenerji.com\/wp-content\/uploads\/2021\/11\/080618144323.jpg 400w, https:\/\/www.smsenerji.com\/wp-content\/uploads\/2021\/11\/080618144323-150x113.jpg 150w\" sizes=\"(max-width: 400px) 100vw, 400px\" \/>\n\t\t\t\t\t\t\t\t\t\t\t\t\t<\/a>\n\t\t\t\t\t\t\t\t\t\t\t<\/div>\n\t\t\t\t\t\t\t\t\t\t\t\t\t\t\t<div class=\"wd-gallery-item wd-col\">\n\t\t\t\t\t\t\t\t\t\t\t\t\t<a  href=\"https:\/\/www.smsenerji.com\/wp-content\/uploads\/2021\/11\/IMG_3050.jpg\" data-width=\"1600\" data-height=\"1200\" data-index=\"2\" data-elementor-open-lightbox=\"no\">\n\t\t\t\t\t\t\n\t\t\t\t\t\t<img decoding=\"async\" width=\"400\" height=\"300\" src=\"https:\/\/www.smsenerji.com\/wp-content\/uploads\/2021\/11\/IMG_3050-400x300.jpg\" class=\"attachment-medium size-medium\" alt=\"IMG_3050\" srcset=\"https:\/\/www.smsenerji.com\/wp-content\/uploads\/2021\/11\/IMG_3050-400x300.jpg 400w, https:\/\/www.smsenerji.com\/wp-content\/uploads\/2021\/11\/IMG_3050-1067x800.jpg 1067w, https:\/\/www.smsenerji.com\/wp-content\/uploads\/2021\/11\/IMG_3050-768x576.jpg 768w, https:\/\/www.smsenerji.com\/wp-content\/uploads\/2021\/11\/IMG_3050-1536x1152.jpg 1536w, https:\/\/www.smsenerji.com\/wp-content\/uploads\/2021\/11\/IMG_3050-860x645.jpg 860w, https:\/\/www.smsenerji.com\/wp-content\/uploads\/2021\/11\/IMG_3050-430x323.jpg 430w, https:\/\/www.smsenerji.com\/wp-content\/uploads\/2021\/11\/IMG_3050-700x525.jpg 700w, https:\/\/www.smsenerji.com\/wp-content\/uploads\/2021\/11\/IMG_3050-150x113.jpg 150w, https:\/\/www.smsenerji.com\/wp-content\/uploads\/2021\/11\/IMG_3050.jpg 1600w\" sizes=\"(max-width: 400px) 100vw, 400px\" \/>\n\t\t\t\t\t\t\t\t\t\t\t\t\t<\/a>\n\t\t\t\t\t\t\t\t\t\t\t<\/div>\n\t\t\t\t\t\t\t\t\t\t\t\t\t\t\t<div class=\"wd-gallery-item wd-col\">\n\t\t\t\t\t\t\t\t\t\t\t\t\t<a  href=\"https:\/\/www.smsenerji.com\/wp-content\/uploads\/2021\/11\/IMG_3053-Duzenlendi.jpg\" data-width=\"1599\" data-height=\"1200\" data-index=\"3\" data-elementor-open-lightbox=\"no\">\n\t\t\t\t\t\t\n\t\t\t\t\t\t<img decoding=\"async\" width=\"400\" height=\"300\" src=\"https:\/\/www.smsenerji.com\/wp-content\/uploads\/2021\/11\/IMG_3053-Duzenlendi-400x300.jpg\" class=\"attachment-medium size-medium\" alt=\"IMG_3053 (D\u00fczenlendi)\" srcset=\"https:\/\/www.smsenerji.com\/wp-content\/uploads\/2021\/11\/IMG_3053-Duzenlendi-400x300.jpg 400w, https:\/\/www.smsenerji.com\/wp-content\/uploads\/2021\/11\/IMG_3053-Duzenlendi-1066x800.jpg 1066w, https:\/\/www.smsenerji.com\/wp-content\/uploads\/2021\/11\/IMG_3053-Duzenlendi-768x576.jpg 768w, https:\/\/www.smsenerji.com\/wp-content\/uploads\/2021\/11\/IMG_3053-Duzenlendi-1536x1153.jpg 1536w, https:\/\/www.smsenerji.com\/wp-content\/uploads\/2021\/11\/IMG_3053-Duzenlendi-860x645.jpg 860w, https:\/\/www.smsenerji.com\/wp-content\/uploads\/2021\/11\/IMG_3053-Duzenlendi-430x323.jpg 430w, https:\/\/www.smsenerji.com\/wp-content\/uploads\/2021\/11\/IMG_3053-Duzenlendi-700x525.jpg 700w, https:\/\/www.smsenerji.com\/wp-content\/uploads\/2021\/11\/IMG_3053-Duzenlendi-150x113.jpg 150w, https:\/\/www.smsenerji.com\/wp-content\/uploads\/2021\/11\/IMG_3053-Duzenlendi.jpg 1599w\" sizes=\"(max-width: 400px) 100vw, 400px\" \/>\n\t\t\t\t\t\t\t\t\t\t\t\t\t<\/a>\n\t\t\t\t\t\t\t\t\t\t\t<\/div>\n\t\t\t\t\t\t\t\t\t\t\t\t\t\t\t<div class=\"wd-gallery-item wd-col\">\n\t\t\t\t\t\t\t\t\t\t\t\t\t<a  href=\"https:\/\/www.smsenerji.com\/wp-content\/uploads\/2021\/11\/IMG_3059.jpg\" data-width=\"1600\" data-height=\"1200\" data-index=\"4\" data-elementor-open-lightbox=\"no\">\n\t\t\t\t\t\t\n\t\t\t\t\t\t<img decoding=\"async\" width=\"400\" height=\"300\" src=\"https:\/\/www.smsenerji.com\/wp-content\/uploads\/2021\/11\/IMG_3059-400x300.jpg\" class=\"attachment-medium size-medium\" alt=\"IMG_3059\" srcset=\"https:\/\/www.smsenerji.com\/wp-content\/uploads\/2021\/11\/IMG_3059-400x300.jpg 400w, https:\/\/www.smsenerji.com\/wp-content\/uploads\/2021\/11\/IMG_3059-1067x800.jpg 1067w, https:\/\/www.smsenerji.com\/wp-content\/uploads\/2021\/11\/IMG_3059-768x576.jpg 768w, https:\/\/www.smsenerji.com\/wp-content\/uploads\/2021\/11\/IMG_3059-1536x1152.jpg 1536w, https:\/\/www.smsenerji.com\/wp-content\/uploads\/2021\/11\/IMG_3059-860x645.jpg 860w, https:\/\/www.smsenerji.com\/wp-content\/uploads\/2021\/11\/IMG_3059-430x323.jpg 430w, https:\/\/www.smsenerji.com\/wp-content\/uploads\/2021\/11\/IMG_3059-700x525.jpg 700w, https:\/\/www.smsenerji.com\/wp-content\/uploads\/2021\/11\/IMG_3059-150x113.jpg 150w, https:\/\/www.smsenerji.com\/wp-content\/uploads\/2021\/11\/IMG_3059.jpg 1600w\" sizes=\"(max-width: 400px) 100vw, 400px\" \/>\n\t\t\t\t\t\t\t\t\t\t\t\t\t<\/a>\n\t\t\t\t\t\t\t\t\t\t\t<\/div>\n\t\t\t\t\t\t\t\t\t\t\t\t\t\t\t<div class=\"wd-gallery-item wd-col\">\n\t\t\t\t\t\t\t\t\t\t\t\t\t<a  href=\"https:\/\/www.smsenerji.com\/wp-content\/uploads\/2021\/11\/IMG_3061.jpg\" data-width=\"1600\" data-height=\"1200\" data-index=\"5\" data-elementor-open-lightbox=\"no\">\n\t\t\t\t\t\t\n\t\t\t\t\t\t<img decoding=\"async\" width=\"400\" height=\"300\" src=\"https:\/\/www.smsenerji.com\/wp-content\/uploads\/2021\/11\/IMG_3061-400x300.jpg\" class=\"attachment-medium size-medium\" alt=\"IMG_3061\" srcset=\"https:\/\/www.smsenerji.com\/wp-content\/uploads\/2021\/11\/IMG_3061-400x300.jpg 400w, https:\/\/www.smsenerji.com\/wp-content\/uploads\/2021\/11\/IMG_3061-1067x800.jpg 1067w, https:\/\/www.smsenerji.com\/wp-content\/uploads\/2021\/11\/IMG_3061-768x576.jpg 768w, https:\/\/www.smsenerji.com\/wp-content\/uploads\/2021\/11\/IMG_3061-1536x1152.jpg 1536w, https:\/\/www.smsenerji.com\/wp-content\/uploads\/2021\/11\/IMG_3061-860x645.jpg 860w, https:\/\/www.smsenerji.com\/wp-content\/uploads\/2021\/11\/IMG_3061-430x323.jpg 430w, https:\/\/www.smsenerji.com\/wp-content\/uploads\/2021\/11\/IMG_3061-700x525.jpg 700w, https:\/\/www.smsenerji.com\/wp-content\/uploads\/2021\/11\/IMG_3061-150x113.jpg 150w, https:\/\/www.smsenerji.com\/wp-content\/uploads\/2021\/11\/IMG_3061.jpg 1600w\" sizes=\"(max-width: 400px) 100vw, 400px\" \/>\n\t\t\t\t\t\t\t\t\t\t\t\t\t<\/a>\n\t\t\t\t\t\t\t\t\t\t\t<\/div>\n\t\t\t\t\t\t\t\t\t\t\t\t\t\t\t<div class=\"wd-gallery-item wd-col\">\n\t\t\t\t\t\t\t\t\t\t\t\t\t<a  href=\"https:\/\/www.smsenerji.com\/wp-content\/uploads\/2021\/11\/c99f73b7-8f77-417a-9c41-848acace605d.jpg\" data-width=\"1600\" data-height=\"960\" data-index=\"6\" data-elementor-open-lightbox=\"no\">\n\t\t\t\t\t\t\n\t\t\t\t\t\t<img decoding=\"async\" width=\"400\" height=\"240\" src=\"https:\/\/www.smsenerji.com\/wp-content\/uploads\/2021\/11\/c99f73b7-8f77-417a-9c41-848acace605d-400x240.jpg\" class=\"attachment-medium size-medium\" alt=\"c99f73b7-8f77-417a-9c41-848acace605d\" srcset=\"https:\/\/www.smsenerji.com\/wp-content\/uploads\/2021\/11\/c99f73b7-8f77-417a-9c41-848acace605d-400x240.jpg 400w, https:\/\/www.smsenerji.com\/wp-content\/uploads\/2021\/11\/c99f73b7-8f77-417a-9c41-848acace605d-1300x780.jpg 1300w, https:\/\/www.smsenerji.com\/wp-content\/uploads\/2021\/11\/c99f73b7-8f77-417a-9c41-848acace605d-768x461.jpg 768w, https:\/\/www.smsenerji.com\/wp-content\/uploads\/2021\/11\/c99f73b7-8f77-417a-9c41-848acace605d-1536x922.jpg 1536w, https:\/\/www.smsenerji.com\/wp-content\/uploads\/2021\/11\/c99f73b7-8f77-417a-9c41-848acace605d-860x516.jpg 860w, https:\/\/www.smsenerji.com\/wp-content\/uploads\/2021\/11\/c99f73b7-8f77-417a-9c41-848acace605d-430x258.jpg 430w, https:\/\/www.smsenerji.com\/wp-content\/uploads\/2021\/11\/c99f73b7-8f77-417a-9c41-848acace605d-700x420.jpg 700w, https:\/\/www.smsenerji.com\/wp-content\/uploads\/2021\/11\/c99f73b7-8f77-417a-9c41-848acace605d-150x90.jpg 150w, https:\/\/www.smsenerji.com\/wp-content\/uploads\/2021\/11\/c99f73b7-8f77-417a-9c41-848acace605d.jpg 1600w\" sizes=\"(max-width: 400px) 100vw, 400px\" \/>\n\t\t\t\t\t\t\t\t\t\t\t\t\t<\/a>\n\t\t\t\t\t\t\t\t\t\t\t<\/div>\n\t\t\t\t\t\t\t\t\t\t\t\t\t<\/div>\n\t\t\t\t\t<\/div>\n\t\t\t\t\t\t<\/div>\n\t\t\t\t<\/div>\n\t\t\t\t\t<\/div>\n\t\t<\/div>\n\t\t\t\t\t<\/div>\n\t\t<\/section>\n\t\t\t\t<\/div>","protected":false},"excerpt":{"rendered":"<p>\u00c0 l'aide de notre appareil de test allemand, nous mesurons les param\u00e8tres et l'efficacit\u00e9 des panneaux afin d'identifier ceux qui sont endommag\u00e9s. Nous \u00e9vitons ainsi toute perte d'efficacit\u00e9 dans les installations.<\/p>","protected":false},"author":1,"featured_media":0,"parent":0,"menu_order":0,"comment_status":"closed","ping_status":"closed","template":"","meta":{"footnotes":""},"class_list":["post-8658","page","type-page","status-publish","hentry"],"_links":{"self":[{"href":"https:\/\/www.smsenerji.com\/fr\/wp-json\/wp\/v2\/pages\/8658","targetHints":{"allow":["GET"]}}],"collection":[{"href":"https:\/\/www.smsenerji.com\/fr\/wp-json\/wp\/v2\/pages"}],"about":[{"href":"https:\/\/www.smsenerji.com\/fr\/wp-json\/wp\/v2\/types\/page"}],"author":[{"embeddable":true,"href":"https:\/\/www.smsenerji.com\/fr\/wp-json\/wp\/v2\/users\/1"}],"replies":[{"embeddable":true,"href":"https:\/\/www.smsenerji.com\/fr\/wp-json\/wp\/v2\/comments?post=8658"}],"version-history":[{"count":0,"href":"https:\/\/www.smsenerji.com\/fr\/wp-json\/wp\/v2\/pages\/8658\/revisions"}],"wp:attachment":[{"href":"https:\/\/www.smsenerji.com\/fr\/wp-json\/wp\/v2\/media?parent=8658"}],"curies":[{"name":"wp","href":"https:\/\/api.w.org\/{rel}","templated":true}]}}