{"id":8562,"date":"2021-11-23T19:38:24","date_gmt":"2021-11-23T16:38:24","guid":{"rendered":"https:\/\/demo.medyaikon.com\/smsenerji\/?page_id=8562"},"modified":"2021-11-30T10:46:39","modified_gmt":"2021-11-30T07:46:39","slug":"hizmetlerimiz","status":"publish","type":"page","link":"https:\/\/www.smsenerji.com\/fr\/hizmetlerimiz","title":{"rendered":"Nos services"},"content":{"rendered":"<div data-elementor-type=\"wp-page\" data-elementor-id=\"8562\" class=\"elementor elementor-8562\" data-elementor-post-type=\"page\">\n\t\t\t\t\t\t<section class=\"wd-negative-gap elementor-section elementor-top-section elementor-element elementor-element-d8a4026 elementor-section-boxed elementor-section-height-default elementor-section-height-default elementor-invisible\" data-id=\"d8a4026\" data-element_type=\"section\" data-e-type=\"section\" data-settings=\"{&quot;animation&quot;:&quot;fadeInUp&quot;}\">\n\t\t\t\t\t\t<div class=\"elementor-container elementor-column-gap-default\">\n\t\t\t\t\t<div class=\"elementor-column elementor-col-33 elementor-top-column elementor-element elementor-element-de084e6\" data-id=\"de084e6\" data-element_type=\"column\" data-e-type=\"column\">\n\t\t\t<div class=\"elementor-widget-wrap elementor-element-populated\">\n\t\t\t\t\t\t<div class=\"elementor-element elementor-element-e0b0652 elementor-flip-box--effect-zoom-in elementor-widget elementor-widget-flip-box\" data-id=\"e0b0652\" data-element_type=\"widget\" data-e-type=\"widget\" data-widget_type=\"flip-box.default\">\n\t\t\t\t<div class=\"elementor-widget-container\">\n\t\t\t\t\t\t\t<div class=\"elementor-flip-box\" tabindex=\"0\">\r\n\t\t\t<div class=\"elementor-flip-box__layer elementor-flip-box__front\">\r\n\t\t\t\t<div class=\"elementor-flip-box__layer__overlay\">\r\n\t\t\t\t\t<div class=\"elementor-flip-box__layer__inner\">\r\n\t\t\t\t\t\t\t\t\t\t\t\t\t<div class=\"elementor-flip-box__image\">\r\n\t\t\t\t\t\t\t\t<img decoding=\"async\" width=\"288\" height=\"80\" src=\"https:\/\/www.smsenerji.com\/wp-content\/uploads\/2021\/10\/logo.png\" class=\"attachment-full size-full wp-image-8459\" alt=\"\" srcset=\"https:\/\/www.smsenerji.com\/wp-content\/uploads\/2021\/10\/logo.png 288w, https:\/\/www.smsenerji.com\/wp-content\/uploads\/2021\/10\/logo-150x42.png 150w\" sizes=\"(max-width: 288px) 100vw, 288px\" \/>\t\t\t\t\t\t\t<\/div>\r\n\t\t\t\t\t\t\r\n\t\t\t\t\t\t\t\t\t\t\t\t\t<h3 class=\"elementor-flip-box__layer__title\">\r\n\t\t\t\t\t\t\t\tConsultation en syst\u00e8mes photovolta\u00efques\t\t\t\t\t\t\t<\/h3>\r\n\t\t\t\t\t\t\r\n\t\t\t\t\t\t\t\t\t\t\t<\/div>\r\n\t\t\t\t<\/div>\r\n\t\t\t<\/div>\r\n\t\t\t<div class=\"elementor-flip-box__layer elementor-flip-box__back\">\r\n\t\t\t<div class=\"elementor-flip-box__layer__overlay\">\r\n\t\t\t\t<div class=\"elementor-flip-box__layer__inner\">\r\n\t\t\t\t\t\t\t\t\t\t\t<h3 class=\"elementor-flip-box__layer__title\">\r\n\t\t\t\t\t\t\tConsultation en syst\u00e8mes photovolta\u00efques\t\t\t\t\t\t<\/h3>\r\n\t\t\t\t\t\r\n\t\t\t\t\t\r\n\t\t\t\t\t\t\t\t\t\t\t<a class=\"elementor-flip-box__button elementor-button elementor-size-md\" href=\"\/fr\/iletisim\/\">\r\n\t\t\t\t\t\t\tContactez-nous\t\t\t\t\t\t<\/a>\r\n\t\t\t\t\t\t\t\t<\/div>\r\n\t\t<\/div>\r\n\t\t<\/div>\r\n\t\t<\/div>\r\n\t\t\t\t\t\t<\/div>\n\t\t\t\t<\/div>\n\t\t\t\t\t<\/div>\n\t\t<\/div>\n\t\t\t\t<div class=\"elementor-column elementor-col-33 elementor-top-column elementor-element elementor-element-758114a\" data-id=\"758114a\" data-element_type=\"column\" data-e-type=\"column\">\n\t\t\t<div class=\"elementor-widget-wrap elementor-element-populated\">\n\t\t\t\t\t\t<div class=\"elementor-element elementor-element-13045e6 elementor-flip-box--effect-zoom-in elementor-widget elementor-widget-flip-box\" data-id=\"13045e6\" data-element_type=\"widget\" data-e-type=\"widget\" data-widget_type=\"flip-box.default\">\n\t\t\t\t<div class=\"elementor-widget-container\">\n\t\t\t\t\t\t\t<div class=\"elementor-flip-box\" tabindex=\"0\">\r\n\t\t\t<div class=\"elementor-flip-box__layer elementor-flip-box__front\">\r\n\t\t\t\t<div class=\"elementor-flip-box__layer__overlay\">\r\n\t\t\t\t\t<div class=\"elementor-flip-box__layer__inner\">\r\n\t\t\t\t\t\t\t\t\t\t\t\t\t<div class=\"elementor-flip-box__image\">\r\n\t\t\t\t\t\t\t\t<img decoding=\"async\" width=\"288\" height=\"80\" src=\"https:\/\/www.smsenerji.com\/wp-content\/uploads\/2021\/10\/logo.png\" class=\"attachment-full size-full wp-image-8459\" alt=\"\" srcset=\"https:\/\/www.smsenerji.com\/wp-content\/uploads\/2021\/10\/logo.png 288w, https:\/\/www.smsenerji.com\/wp-content\/uploads\/2021\/10\/logo-150x42.png 150w\" sizes=\"(max-width: 288px) 100vw, 288px\" \/>\t\t\t\t\t\t\t<\/div>\r\n\t\t\t\t\t\t\r\n\t\t\t\t\t\t\t\t\t\t\t\t\t<h3 class=\"elementor-flip-box__layer__title\">\r\n\t\t\t\t\t\t\t\tMISE EN SERVICE DU SYST\u00c8ME ET SERVICE DE SUPERVISION.\t\t\t\t\t\t\t<\/h3>\r\n\t\t\t\t\t\t\r\n\t\t\t\t\t\t\t\t\t\t\t<\/div>\r\n\t\t\t\t<\/div>\r\n\t\t\t<\/div>\r\n\t\t\t<div class=\"elementor-flip-box__layer elementor-flip-box__back\">\r\n\t\t\t<div class=\"elementor-flip-box__layer__overlay\">\r\n\t\t\t\t<div class=\"elementor-flip-box__layer__inner\">\r\n\t\t\t\t\t\t\t\t\t\t\t<h3 class=\"elementor-flip-box__layer__title\">\r\n\t\t\t\t\t\t\tMISE EN SERVICE DU SYST\u00c8ME ET SERVICE DE SUPERVISION.\t\t\t\t\t\t<\/h3>\r\n\t\t\t\t\t\r\n\t\t\t\t\t\r\n\t\t\t\t\t\t\t\t\t\t\t<a class=\"elementor-flip-box__button elementor-button elementor-size-md\" href=\"\/fr\/iletisim\/\">\r\n\t\t\t\t\t\t\tContactez-nous\t\t\t\t\t\t<\/a>\r\n\t\t\t\t\t\t\t\t<\/div>\r\n\t\t<\/div>\r\n\t\t<\/div>\r\n\t\t<\/div>\r\n\t\t\t\t\t\t<\/div>\n\t\t\t\t<\/div>\n\t\t\t\t\t<\/div>\n\t\t<\/div>\n\t\t\t\t<div class=\"elementor-column elementor-col-33 elementor-top-column elementor-element elementor-element-c759316\" data-id=\"c759316\" data-element_type=\"column\" data-e-type=\"column\">\n\t\t\t<div class=\"elementor-widget-wrap elementor-element-populated\">\n\t\t\t\t\t\t<div class=\"elementor-element elementor-element-238def1 elementor-flip-box--effect-zoom-in elementor-widget elementor-widget-flip-box\" data-id=\"238def1\" data-element_type=\"widget\" data-e-type=\"widget\" data-widget_type=\"flip-box.default\">\n\t\t\t\t<div class=\"elementor-widget-container\">\n\t\t\t\t\t\t\t<div class=\"elementor-flip-box\" tabindex=\"0\">\r\n\t\t\t<div class=\"elementor-flip-box__layer elementor-flip-box__front\">\r\n\t\t\t\t<div class=\"elementor-flip-box__layer__overlay\">\r\n\t\t\t\t\t<div class=\"elementor-flip-box__layer__inner\">\r\n\t\t\t\t\t\t\t\t\t\t\t\t\t<div class=\"elementor-flip-box__image\">\r\n\t\t\t\t\t\t\t\t<img decoding=\"async\" width=\"288\" height=\"80\" src=\"https:\/\/www.smsenerji.com\/wp-content\/uploads\/2021\/10\/logo.png\" class=\"attachment-full size-full wp-image-8459\" alt=\"\" srcset=\"https:\/\/www.smsenerji.com\/wp-content\/uploads\/2021\/10\/logo.png 288w, https:\/\/www.smsenerji.com\/wp-content\/uploads\/2021\/10\/logo-150x42.png 150w\" sizes=\"(max-width: 288px) 100vw, 288px\" \/>\t\t\t\t\t\t\t<\/div>\r\n\t\t\t\t\t\t\r\n\t\t\t\t\t\t\t\t\t\t\t\t\t<h3 class=\"elementor-flip-box__layer__title\">\r\n\t\t\t\t\t\t\t\tSYST\u00c8MES PHOTOVOLTA\u00cfQUES\t\t\t\t\t\t\t<\/h3>\r\n\t\t\t\t\t\t\r\n\t\t\t\t\t\t\t\t\t\t\t<\/div>\r\n\t\t\t\t<\/div>\r\n\t\t\t<\/div>\r\n\t\t\t<div class=\"elementor-flip-box__layer elementor-flip-box__back\">\r\n\t\t\t<div class=\"elementor-flip-box__layer__overlay\">\r\n\t\t\t\t<div class=\"elementor-flip-box__layer__inner\">\r\n\t\t\t\t\t\t\t\t\t\t\t<h3 class=\"elementor-flip-box__layer__title\">\r\n\t\t\t\t\t\t\tSYST\u00c8MES PHOTOVOLTA\u00cfQUES\t\t\t\t\t\t<\/h3>\r\n\t\t\t\t\t\r\n\t\t\t\t\t\r\n\t\t\t\t\t\t\t\t\t\t\t<a class=\"elementor-flip-box__button elementor-button elementor-size-md\" href=\"\/fr\/iletisim\/\">\r\n\t\t\t\t\t\t\tContactez-nous\t\t\t\t\t\t<\/a>\r\n\t\t\t\t\t\t\t\t<\/div>\r\n\t\t<\/div>\r\n\t\t<\/div>\r\n\t\t<\/div>\r\n\t\t\t\t\t\t<\/div>\n\t\t\t\t<\/div>\n\t\t\t\t\t<\/div>\n\t\t<\/div>\n\t\t\t\t\t<\/div>\n\t\t<\/section>\n\t\t\t\t<section class=\"wd-negative-gap elementor-section elementor-top-section elementor-element elementor-element-cbfff62 elementor-section-boxed elementor-section-height-default elementor-section-height-default elementor-invisible\" data-id=\"cbfff62\" data-element_type=\"section\" data-e-type=\"section\" data-settings=\"{&quot;animation&quot;:&quot;fadeInUp&quot;}\">\n\t\t\t\t\t\t<div class=\"elementor-container elementor-column-gap-default\">\n\t\t\t\t\t<div class=\"elementor-column elementor-col-33 elementor-top-column elementor-element elementor-element-98686ba\" data-id=\"98686ba\" data-element_type=\"column\" data-e-type=\"column\">\n\t\t\t<div class=\"elementor-widget-wrap elementor-element-populated\">\n\t\t\t\t\t\t<div class=\"elementor-element elementor-element-db0a107 elementor-flip-box--effect-zoom-in elementor-widget elementor-widget-flip-box\" data-id=\"db0a107\" data-element_type=\"widget\" data-e-type=\"widget\" data-widget_type=\"flip-box.default\">\n\t\t\t\t<div class=\"elementor-widget-container\">\n\t\t\t\t\t\t\t<div class=\"elementor-flip-box\" tabindex=\"0\">\r\n\t\t\t<div class=\"elementor-flip-box__layer elementor-flip-box__front\">\r\n\t\t\t\t<div class=\"elementor-flip-box__layer__overlay\">\r\n\t\t\t\t\t<div class=\"elementor-flip-box__layer__inner\">\r\n\t\t\t\t\t\t\t\t\t\t\t\t\t<div class=\"elementor-flip-box__image\">\r\n\t\t\t\t\t\t\t\t<img decoding=\"async\" width=\"288\" height=\"80\" src=\"https:\/\/www.smsenerji.com\/wp-content\/uploads\/2021\/10\/logo.png\" class=\"attachment-full size-full wp-image-8459\" alt=\"\" srcset=\"https:\/\/www.smsenerji.com\/wp-content\/uploads\/2021\/10\/logo.png 288w, https:\/\/www.smsenerji.com\/wp-content\/uploads\/2021\/10\/logo-150x42.png 150w\" sizes=\"(max-width: 288px) 100vw, 288px\" \/>\t\t\t\t\t\t\t<\/div>\r\n\t\t\t\t\t\t\r\n\t\t\t\t\t\t\t\t\t\t\t\t\t<h3 class=\"elementor-flip-box__layer__title\">\r\n\t\t\t\t\t\t\t\tCONTR\u00d4LE DES ENTR\u00c9ES ET TESTS PV\t\t\t\t\t\t\t<\/h3>\r\n\t\t\t\t\t\t\r\n\t\t\t\t\t\t\t\t\t\t\t<\/div>\r\n\t\t\t\t<\/div>\r\n\t\t\t<\/div>\r\n\t\t\t<div class=\"elementor-flip-box__layer elementor-flip-box__back\">\r\n\t\t\t<div class=\"elementor-flip-box__layer__overlay\">\r\n\t\t\t\t<div class=\"elementor-flip-box__layer__inner\">\r\n\t\t\t\t\t\t\t\t\t\t\t<h3 class=\"elementor-flip-box__layer__title\">\r\n\t\t\t\t\t\t\tCONTR\u00d4LE DES ENTR\u00c9ES ET TESTS PV\t\t\t\t\t\t<\/h3>\r\n\t\t\t\t\t\r\n\t\t\t\t\t\r\n\t\t\t\t\t\t\t\t\t\t\t<a class=\"elementor-flip-box__button elementor-button elementor-size-md\" href=\"\/fr\/iletisim\/\">\r\n\t\t\t\t\t\t\tContactez-nous\t\t\t\t\t\t<\/a>\r\n\t\t\t\t\t\t\t\t<\/div>\r\n\t\t<\/div>\r\n\t\t<\/div>\r\n\t\t<\/div>\r\n\t\t\t\t\t\t<\/div>\n\t\t\t\t<\/div>\n\t\t\t\t\t<\/div>\n\t\t<\/div>\n\t\t\t\t<div class=\"elementor-column elementor-col-33 elementor-top-column elementor-element elementor-element-154ad0f\" data-id=\"154ad0f\" data-element_type=\"column\" data-e-type=\"column\">\n\t\t\t<div class=\"elementor-widget-wrap elementor-element-populated\">\n\t\t\t\t\t\t<div class=\"elementor-element elementor-element-79ee63c elementor-flip-box--effect-zoom-in elementor-widget elementor-widget-flip-box\" data-id=\"79ee63c\" data-element_type=\"widget\" data-e-type=\"widget\" data-widget_type=\"flip-box.default\">\n\t\t\t\t<div class=\"elementor-widget-container\">\n\t\t\t\t\t\t\t<div class=\"elementor-flip-box\" tabindex=\"0\">\r\n\t\t\t<div class=\"elementor-flip-box__layer elementor-flip-box__front\">\r\n\t\t\t\t<div class=\"elementor-flip-box__layer__overlay\">\r\n\t\t\t\t\t<div class=\"elementor-flip-box__layer__inner\">\r\n\t\t\t\t\t\t\t\t\t\t\t\t\t<div class=\"elementor-flip-box__image\">\r\n\t\t\t\t\t\t\t\t<img decoding=\"async\" width=\"288\" height=\"80\" src=\"https:\/\/www.smsenerji.com\/wp-content\/uploads\/2021\/10\/logo.png\" class=\"attachment-full size-full wp-image-8459\" alt=\"\" srcset=\"https:\/\/www.smsenerji.com\/wp-content\/uploads\/2021\/10\/logo.png 288w, https:\/\/www.smsenerji.com\/wp-content\/uploads\/2021\/10\/logo-150x42.png 150w\" sizes=\"(max-width: 288px) 100vw, 288px\" \/>\t\t\t\t\t\t\t<\/div>\r\n\t\t\t\t\t\t\r\n\t\t\t\t\t\t\t\t\t\t\t\t\t<h3 class=\"elementor-flip-box__layer__title\">\r\n\t\t\t\t\t\t\t\tSYST\u00c8MES THERMIQUES SOLAIRES\t\t\t\t\t\t\t<\/h3>\r\n\t\t\t\t\t\t\r\n\t\t\t\t\t\t\t\t\t\t\t<\/div>\r\n\t\t\t\t<\/div>\r\n\t\t\t<\/div>\r\n\t\t\t<div class=\"elementor-flip-box__layer elementor-flip-box__back\">\r\n\t\t\t<div class=\"elementor-flip-box__layer__overlay\">\r\n\t\t\t\t<div class=\"elementor-flip-box__layer__inner\">\r\n\t\t\t\t\t\t\t\t\t\t\t<h3 class=\"elementor-flip-box__layer__title\">\r\n\t\t\t\t\t\t\tSYST\u00c8MES THERMIQUES SOLAIRES\t\t\t\t\t\t<\/h3>\r\n\t\t\t\t\t\r\n\t\t\t\t\t\r\n\t\t\t\t\t\t\t\t\t\t\t<a class=\"elementor-flip-box__button elementor-button elementor-size-md\" href=\"\/fr\/iletisim\/\">\r\n\t\t\t\t\t\t\tContactez-nous\t\t\t\t\t\t<\/a>\r\n\t\t\t\t\t\t\t\t<\/div>\r\n\t\t<\/div>\r\n\t\t<\/div>\r\n\t\t<\/div>\r\n\t\t\t\t\t\t<\/div>\n\t\t\t\t<\/div>\n\t\t\t\t\t<\/div>\n\t\t<\/div>\n\t\t\t\t<div class=\"elementor-column elementor-col-33 elementor-top-column elementor-element elementor-element-e35cca3\" data-id=\"e35cca3\" data-element_type=\"column\" data-e-type=\"column\">\n\t\t\t<div class=\"elementor-widget-wrap elementor-element-populated\">\n\t\t\t\t\t\t<div class=\"elementor-element elementor-element-4aba182 elementor-flip-box--effect-zoom-in elementor-widget elementor-widget-flip-box\" data-id=\"4aba182\" data-element_type=\"widget\" data-e-type=\"widget\" data-widget_type=\"flip-box.default\">\n\t\t\t\t<div class=\"elementor-widget-container\">\n\t\t\t\t\t\t\t<div class=\"elementor-flip-box\" tabindex=\"0\">\r\n\t\t\t<div class=\"elementor-flip-box__layer elementor-flip-box__front\">\r\n\t\t\t\t<div class=\"elementor-flip-box__layer__overlay\">\r\n\t\t\t\t\t<div class=\"elementor-flip-box__layer__inner\">\r\n\t\t\t\t\t\t\t\t\t\t\t\t\t<div class=\"elementor-flip-box__image\">\r\n\t\t\t\t\t\t\t\t<img decoding=\"async\" width=\"288\" height=\"80\" src=\"https:\/\/www.smsenerji.com\/wp-content\/uploads\/2021\/10\/logo.png\" class=\"attachment-full size-full wp-image-8459\" alt=\"\" srcset=\"https:\/\/www.smsenerji.com\/wp-content\/uploads\/2021\/10\/logo.png 288w, https:\/\/www.smsenerji.com\/wp-content\/uploads\/2021\/10\/logo-150x42.png 150w\" sizes=\"(max-width: 288px) 100vw, 288px\" \/>\t\t\t\t\t\t\t<\/div>\r\n\t\t\t\t\t\t\r\n\t\t\t\t\t\t\t\t\t\t\t\t\t<h3 class=\"elementor-flip-box__layer__title\">\r\n\t\t\t\t\t\t\t\tSYST\u00c8ME DE SURVEILLANCE PV\t\t\t\t\t\t\t<\/h3>\r\n\t\t\t\t\t\t\r\n\t\t\t\t\t\t\t\t\t\t\t<\/div>\r\n\t\t\t\t<\/div>\r\n\t\t\t<\/div>\r\n\t\t\t<div class=\"elementor-flip-box__layer elementor-flip-box__back\">\r\n\t\t\t<div class=\"elementor-flip-box__layer__overlay\">\r\n\t\t\t\t<div class=\"elementor-flip-box__layer__inner\">\r\n\t\t\t\t\t\t\t\t\t\t\t<h3 class=\"elementor-flip-box__layer__title\">\r\n\t\t\t\t\t\t\tSYST\u00c8ME DE SURVEILLANCE PV\t\t\t\t\t\t<\/h3>\r\n\t\t\t\t\t\r\n\t\t\t\t\t\r\n\t\t\t\t\t\t\t\t\t\t\t<a class=\"elementor-flip-box__button elementor-button elementor-size-md\" href=\"\/fr\/iletisim\/\">\r\n\t\t\t\t\t\t\tContactez-nous\t\t\t\t\t\t<\/a>\r\n\t\t\t\t\t\t\t\t<\/div>\r\n\t\t<\/div>\r\n\t\t<\/div>\r\n\t\t<\/div>\r\n\t\t\t\t\t\t<\/div>\n\t\t\t\t<\/div>\n\t\t\t\t\t<\/div>\n\t\t<\/div>\n\t\t\t\t\t<\/div>\n\t\t<\/section>\n\t\t\t\t<\/div>","protected":false},"excerpt":{"rendered":"<p>PV S\u0130STEM DANI\u015eMANLIK PV S\u0130STEM DANI\u015eMANLIK bizimle ileti\u015fime ge\u00e7in S\u0130STEM DEVREYE ALMA VE S\u00dcPERV\u0130Z\u00d6R H\u0130Z. S\u0130STEM DEVREYE ALMA VE S\u00dcPERV\u0130Z\u00d6R<\/p>","protected":false},"author":1,"featured_media":0,"parent":0,"menu_order":0,"comment_status":"closed","ping_status":"closed","template":"","meta":{"footnotes":""},"class_list":["post-8562","page","type-page","status-publish","hentry"],"_links":{"self":[{"href":"https:\/\/www.smsenerji.com\/fr\/wp-json\/wp\/v2\/pages\/8562","targetHints":{"allow":["GET"]}}],"collection":[{"href":"https:\/\/www.smsenerji.com\/fr\/wp-json\/wp\/v2\/pages"}],"about":[{"href":"https:\/\/www.smsenerji.com\/fr\/wp-json\/wp\/v2\/types\/page"}],"author":[{"embeddable":true,"href":"https:\/\/www.smsenerji.com\/fr\/wp-json\/wp\/v2\/users\/1"}],"replies":[{"embeddable":true,"href":"https:\/\/www.smsenerji.com\/fr\/wp-json\/wp\/v2\/comments?post=8562"}],"version-history":[{"count":0,"href":"https:\/\/www.smsenerji.com\/fr\/wp-json\/wp\/v2\/pages\/8562\/revisions"}],"wp:attachment":[{"href":"https:\/\/www.smsenerji.com\/fr\/wp-json\/wp\/v2\/media?parent=8562"}],"curies":[{"name":"wp","href":"https:\/\/api.w.org\/{rel}","templated":true}]}}