{"id":8519,"date":"2021-11-23T16:37:25","date_gmt":"2021-11-23T13:37:25","guid":{"rendered":"https:\/\/demo.medyaikon.com\/smsenerji\/?page_id=8519"},"modified":"2021-11-30T10:18:13","modified_gmt":"2021-11-30T07:18:13","slug":"hakkimizda","status":"publish","type":"page","link":"https:\/\/www.smsenerji.com\/fr\/hakkimizda","title":{"rendered":"\u00c0 propos de nous"},"content":{"rendered":"<div data-elementor-type=\"wp-page\" data-elementor-id=\"8519\" class=\"elementor elementor-8519\" data-elementor-post-type=\"page\">\n\t\t\t\t\t\t<section class=\"wd-negative-gap elementor-section elementor-top-section elementor-element elementor-element-af54720 elementor-section-full_width elementor-section-height-min-height wd-section-stretch elementor-section-height-default elementor-section-items-middle\" data-id=\"af54720\" data-element_type=\"section\" data-e-type=\"section\" data-settings=\"{&quot;background_background&quot;:&quot;classic&quot;}\">\n\t\t\t\t\t\t\t<div class=\"elementor-background-overlay\"><\/div>\n\t\t\t\t\t\t\t<div class=\"elementor-container elementor-column-gap-default\">\n\t\t\t\t\t<div class=\"elementor-column elementor-col-100 elementor-top-column elementor-element elementor-element-53182ee\" data-id=\"53182ee\" data-element_type=\"column\" data-e-type=\"column\">\n\t\t\t<div class=\"elementor-widget-wrap elementor-element-populated\">\n\t\t\t\t\t\t<div class=\"elementor-element elementor-element-3770698 elementor-invisible elementor-widget elementor-widget-heading\" data-id=\"3770698\" data-element_type=\"widget\" data-e-type=\"widget\" data-settings=\"{&quot;_animation&quot;:&quot;fadeInUp&quot;}\" data-widget_type=\"heading.default\">\n\t\t\t\t<div class=\"elementor-widget-container\">\n\t\t\t\t\t<h2 class=\"elementor-heading-title elementor-size-default translation-block\">Notre objectif est d'expliquer sans <br>rel\u00e2che \u00e0 nos concitoyens qu'ils doivent\n\u00ab se tourner vers le soleil \u00bb\u2026<\/h2>\t\t\t\t<\/div>\n\t\t\t\t<\/div>\n\t\t\t\t\t<\/div>\n\t\t<\/div>\n\t\t\t\t\t<\/div>\n\t\t<\/section>\n\t\t\t\t<section class=\"wd-negative-gap elementor-section elementor-top-section elementor-element elementor-element-d6faa87 elementor-section-boxed elementor-section-height-default elementor-section-height-default elementor-invisible\" data-id=\"d6faa87\" data-element_type=\"section\" data-e-type=\"section\" data-settings=\"{&quot;animation&quot;:&quot;fadeInUp&quot;}\">\n\t\t\t\t\t\t<div class=\"elementor-container elementor-column-gap-default\">\n\t\t\t\t\t<div class=\"elementor-column elementor-col-50 elementor-top-column elementor-element elementor-element-b42d131\" data-id=\"b42d131\" data-element_type=\"column\" data-e-type=\"column\">\n\t\t\t<div class=\"elementor-widget-wrap elementor-element-populated\">\n\t\t\t\t\t\t<div class=\"elementor-element elementor-element-a9ad526 color-scheme-inherit text-left elementor-widget elementor-widget-text-editor\" data-id=\"a9ad526\" data-element_type=\"widget\" data-e-type=\"widget\" data-widget_type=\"text-editor.default\">\n\t\t\t\t<div class=\"elementor-widget-container\">\n\t\t\t\t\t\t\t\t\tLes syst\u00e8mes de chauffage \u00e0 eau chaude thermique, dont l'origine remonte \u00e0 tr\u00e8s loin sur notre plan\u00e8te, \nont \u00e9t\u00e9 utilis\u00e9s pour la premi\u00e8re fois vers 800 avant J.-C. M\u00eame si l'on consid\u00e8re que cette affirmation est vraie\/plausible, il est certain que les premiers collecteurs de syst\u00e8mes thermiques ont \u00e9t\u00e9 brevet\u00e9s\n en 1891 par Clarence M. Kemp et ont commenc\u00e9 \u00e0 \u00eatre produits.\t\t\t\t\t\t\t\t<\/div>\n\t\t\t\t<\/div>\n\t\t\t\t\t<\/div>\n\t\t<\/div>\n\t\t\t\t<div class=\"elementor-column elementor-col-50 elementor-top-column elementor-element elementor-element-a404889\" data-id=\"a404889\" data-element_type=\"column\" data-e-type=\"column\">\n\t\t\t<div class=\"elementor-widget-wrap elementor-element-populated\">\n\t\t\t\t\t\t<div class=\"elementor-element elementor-element-14f5c8a elementor-widget elementor-widget-image\" data-id=\"14f5c8a\" data-element_type=\"widget\" data-e-type=\"widget\" data-widget_type=\"image.default\">\n\t\t\t\t<div class=\"elementor-widget-container\">\n\t\t\t\t\t\t\t\t\t\t\t\t\t\t\t<img decoding=\"async\" width=\"350\" height=\"150\" src=\"https:\/\/www.smsenerji.com\/wp-content\/uploads\/2021\/11\/1.png\" class=\"attachment-full size-full wp-image-8540\" alt=\"\" srcset=\"https:\/\/www.smsenerji.com\/wp-content\/uploads\/2021\/11\/1.png 350w, https:\/\/www.smsenerji.com\/wp-content\/uploads\/2021\/11\/1-150x64.png 150w\" sizes=\"(max-width: 350px) 100vw, 350px\" \/>\t\t\t\t\t\t\t\t\t\t\t\t\t\t\t<\/div>\n\t\t\t\t<\/div>\n\t\t\t\t\t<\/div>\n\t\t<\/div>\n\t\t\t\t\t<\/div>\n\t\t<\/section>\n\t\t\t\t<section class=\"wd-negative-gap elementor-section elementor-top-section elementor-element elementor-element-d685f68 elementor-section-boxed elementor-section-height-default elementor-section-height-default elementor-invisible\" data-id=\"d685f68\" data-element_type=\"section\" data-e-type=\"section\" data-settings=\"{&quot;animation&quot;:&quot;fadeInUp&quot;}\">\n\t\t\t\t\t\t<div class=\"elementor-container elementor-column-gap-default\">\n\t\t\t\t\t<div class=\"elementor-column elementor-col-50 elementor-top-column elementor-element elementor-element-11fae19\" data-id=\"11fae19\" data-element_type=\"column\" data-e-type=\"column\">\n\t\t\t<div class=\"elementor-widget-wrap elementor-element-populated\">\n\t\t\t\t\t\t<div class=\"elementor-element elementor-element-542c570 elementor-widget elementor-widget-image\" data-id=\"542c570\" data-element_type=\"widget\" data-e-type=\"widget\" data-widget_type=\"image.default\">\n\t\t\t\t<div class=\"elementor-widget-container\">\n\t\t\t\t\t\t\t\t\t\t\t\t\t\t\t<img decoding=\"async\" width=\"429\" height=\"149\" src=\"https:\/\/www.smsenerji.com\/wp-content\/uploads\/2021\/11\/2.png\" class=\"attachment-full size-full wp-image-8545\" alt=\"\" srcset=\"https:\/\/www.smsenerji.com\/wp-content\/uploads\/2021\/11\/2.png 429w, https:\/\/www.smsenerji.com\/wp-content\/uploads\/2021\/11\/2-400x139.png 400w, https:\/\/www.smsenerji.com\/wp-content\/uploads\/2021\/11\/2-150x52.png 150w\" sizes=\"(max-width: 429px) 100vw, 429px\" \/>\t\t\t\t\t\t\t\t\t\t\t\t\t\t\t<\/div>\n\t\t\t\t<\/div>\n\t\t\t\t\t<\/div>\n\t\t<\/div>\n\t\t\t\t<div class=\"elementor-column elementor-col-50 elementor-top-column elementor-element elementor-element-5d237b5\" data-id=\"5d237b5\" data-element_type=\"column\" data-e-type=\"column\">\n\t\t\t<div class=\"elementor-widget-wrap elementor-element-populated\">\n\t\t\t\t\t\t<div class=\"elementor-element elementor-element-c51ada4 color-scheme-inherit text-left elementor-widget elementor-widget-text-editor\" data-id=\"c51ada4\" data-element_type=\"widget\" data-e-type=\"widget\" data-widget_type=\"text-editor.default\">\n\t\t\t\t<div class=\"elementor-widget-container\">\n\t\t\t\t\t\t\t\t\t<p>Au d\u00e9but du 20e si\u00e8cle, une poign\u00e9e de pionniers ont reconnu que l'utilisation des ressources \u00e9nerg\u00e9tiques naturelles \u00e9tait la m\u00e9thode la plus appropri\u00e9e. Apr\u00e8s des d\u00e9cennies de recherche et de d\u00e9veloppement, les syst\u00e8mes thermiques sont aujourd'hui largement utilis\u00e9s dans le monde entier comme moyen de production d'\u00e9nergie. \nBien que l'\u00e9nergie solaire ne soit utilis\u00e9e dans notre pays que pour chauffer l'eau, elle est tr\u00e8s largement utilis\u00e9e en Europe, o\u00f9 les valeurs d'ensoleillement sont tr\u00e8s faibles par rapport \u00e0 notre pays, pour le chauffage et le refroidissement des b\u00e2timents, ainsi que pour la production industrielle de vapeur et de chaleur<\/p>\t\t\t\t\t\t\t\t<\/div>\n\t\t\t\t<\/div>\n\t\t\t\t\t<\/div>\n\t\t<\/div>\n\t\t\t\t\t<\/div>\n\t\t<\/section>\n\t\t\t\t<section class=\"wd-negative-gap elementor-section elementor-top-section elementor-element elementor-element-22b694b wd-section-stretch elementor-section-boxed elementor-section-height-default elementor-section-height-default elementor-invisible\" data-id=\"22b694b\" data-element_type=\"section\" data-e-type=\"section\" data-settings=\"{&quot;background_background&quot;:&quot;classic&quot;,&quot;animation&quot;:&quot;fadeInUp&quot;}\">\n\t\t\t\t\t\t<div class=\"elementor-container elementor-column-gap-extended\">\n\t\t\t\t\t<div class=\"elementor-column elementor-col-50 elementor-top-column elementor-element elementor-element-938e873\" data-id=\"938e873\" data-element_type=\"column\" data-e-type=\"column\">\n\t\t\t<div class=\"elementor-widget-wrap elementor-element-populated\">\n\t\t\t\t\t\t<div class=\"elementor-element elementor-element-5dfa55b color-scheme-inherit text-left elementor-widget elementor-widget-text-editor\" data-id=\"5dfa55b\" data-element_type=\"widget\" data-e-type=\"widget\" data-widget_type=\"text-editor.default\">\n\t\t\t\t<div class=\"elementor-widget-container\">\n\t\t\t\t\t\t\t\t\t Tout a commenc\u00e9 lorsque Alexandre E. Becquerel a observ\u00e9 par hasard l'\u00e9nergie photonique dans son laboratoire et a commenc\u00e9 \u00e0 l'expliquer th\u00e9oriquement. Cette observation, qui n'\u00e9tait pas tr\u00e8s populaire dans les milieux scientifiques \u00e0 l'\u00e9poque, a suscit\u00e9 un int\u00e9r\u00eat consid\u00e9rable, en particulier dans les milieux scientifiques, lorsque Einstein a pour la premi\u00e8re fois mis sur pied la th\u00e9orie de l'\u00e9nergie photonique. La NASA s'est lanc\u00e9e pour la premi\u00e8re fois dans la production de cellules et de modules afin de r\u00e9pondre aux besoins \u00e9nerg\u00e9tiques des satellites. En 1961, les besoins \u00e9nerg\u00e9tiques du vaisseau spatial Explorer ont \u00e9t\u00e9 couverts de mani\u00e8re pratique par l'\u00e9nergie photonique, ce qui a suscit\u00e9 un int\u00e9r\u00eat croissant pour cette \u00e9nergie. Au d\u00e9part tr\u00e8s co\u00fbteuses et peu efficaces, les cellules\/modules ont finalement \u00e9t\u00e9 mises au service de l'humanit\u00e9 gr\u00e2ce aux travaux de recherche et d\u00e9veloppement men\u00e9s ces derni\u00e8res ann\u00e9es, devenant une source d'\u00e9nergie accessible \u00e0 tous tant en termes d'efficacit\u00e9 que de prix. L'utilisation des \u00e9nergies fossiles, qui menace gravement la plan\u00e8te, en particulier les activit\u00e9s irresponsables des compagnies p\u00e9troli\u00e8res, motiv\u00e9es uniquement par le profit, ainsi que les accidents nucl\u00e9aires (!) qui ont rendu de nombreuses r\u00e9gions de la plan\u00e8te inhabitables, ont contraint l'humanit\u00e9 \u00e0 se tourner vers les \u00e9nergies naturelles.\n D'un c\u00f4t\u00e9, les grandes compagnies p\u00e9troli\u00e8res qui consomment de mani\u00e8re irresponsable les ressources \u00e9nerg\u00e9tiques fossiles pour assouvir leur soif de profit, de l'autre, le lobby de l'\u00e9nergie nucl\u00e9aire qui pr\u00e9tend que l'\u00e9nergie nucl\u00e9aire n'est pas nocive pour l'humanit\u00e9 et la nature...\t\t\t\t\t\t\t\t<\/div>\n\t\t\t\t<\/div>\n\t\t\t\t\t<\/div>\n\t\t<\/div>\n\t\t\t\t<div class=\"elementor-column elementor-col-50 elementor-top-column elementor-element elementor-element-5064b29\" data-id=\"5064b29\" data-element_type=\"column\" data-e-type=\"column\">\n\t\t\t<div class=\"elementor-widget-wrap elementor-element-populated\">\n\t\t\t\t\t\t<div class=\"elementor-element elementor-element-45833f4 elementor-widget elementor-widget-image\" data-id=\"45833f4\" data-element_type=\"widget\" data-e-type=\"widget\" data-widget_type=\"image.default\">\n\t\t\t\t<div class=\"elementor-widget-container\">\n\t\t\t\t\t\t\t\t\t\t\t\t\t\t\t<img decoding=\"async\" width=\"1536\" height=\"1170\" src=\"https:\/\/www.smsenerji.com\/wp-content\/uploads\/2021\/11\/about1-1-1536x1170.jpg\" class=\"attachment-1536x1536 size-1536x1536 wp-image-8549\" alt=\"\" srcset=\"https:\/\/www.smsenerji.com\/wp-content\/uploads\/2021\/11\/about1-1-1536x1170.jpg 1536w, https:\/\/www.smsenerji.com\/wp-content\/uploads\/2021\/11\/about1-1-394x300.jpg 394w, https:\/\/www.smsenerji.com\/wp-content\/uploads\/2021\/11\/about1-1-1051x800.jpg 1051w, https:\/\/www.smsenerji.com\/wp-content\/uploads\/2021\/11\/about1-1-768x585.jpg 768w, https:\/\/www.smsenerji.com\/wp-content\/uploads\/2021\/11\/about1-1-2048x1559.jpg 2048w, https:\/\/www.smsenerji.com\/wp-content\/uploads\/2021\/11\/about1-1-860x655.jpg 860w, https:\/\/www.smsenerji.com\/wp-content\/uploads\/2021\/11\/about1-1-430x327.jpg 430w, https:\/\/www.smsenerji.com\/wp-content\/uploads\/2021\/11\/about1-1-700x533.jpg 700w, https:\/\/www.smsenerji.com\/wp-content\/uploads\/2021\/11\/about1-1-150x114.jpg 150w\" sizes=\"(max-width: 1536px) 100vw, 1536px\" \/>\t\t\t\t\t\t\t\t\t\t\t\t\t\t\t<\/div>\n\t\t\t\t<\/div>\n\t\t\t\t\t<\/div>\n\t\t<\/div>\n\t\t\t\t\t<\/div>\n\t\t<\/section>\n\t\t\t\t<section class=\"wd-negative-gap elementor-section elementor-top-section elementor-element elementor-element-fac3a88 elementor-section-height-full wd-section-stretch elementor-section-boxed elementor-section-height-default elementor-section-items-middle elementor-invisible\" data-id=\"fac3a88\" data-element_type=\"section\" data-e-type=\"section\" data-settings=\"{&quot;background_background&quot;:&quot;video&quot;,&quot;background_video_link&quot;:&quot;https:\\\/\\\/www.youtube.com\\\/watch?v=EXJYEWP1Wpg&quot;,&quot;animation&quot;:&quot;fadeInUp&quot;}\">\n\t\t\t\t\t\t\t\t<div class=\"elementor-background-video-container elementor-hidden-mobile\">\n\t\t\t\t\t\t\t\t\t\t\t\t\t<div class=\"elementor-background-video-embed\" role=\"presentation\"><\/div>\n\t\t\t\t\t\t\t\t\t\t\t\t<\/div>\n\t\t\t\t\t\t\t\t\t<div class=\"elementor-background-overlay\"><\/div>\n\t\t\t\t\t\t\t<div class=\"elementor-container elementor-column-gap-default\">\n\t\t\t\t\t<div class=\"elementor-column elementor-col-100 elementor-top-column elementor-element elementor-element-fa66ed2\" data-id=\"fa66ed2\" data-element_type=\"column\" data-e-type=\"column\">\n\t\t\t<div class=\"elementor-widget-wrap elementor-element-populated\">\n\t\t\t\t\t\t<div class=\"elementor-element elementor-element-bf85c70 elementor-widget elementor-widget-heading\" data-id=\"bf85c70\" data-element_type=\"widget\" data-e-type=\"widget\" data-widget_type=\"heading.default\">\n\t\t\t\t<div class=\"elementor-widget-container\">\n\t\t\t\t\t<h2 class=\"elementor-heading-title elementor-size-default\">AYEZ UNE \u00c9NERGIE SOLAIRE IN\u00c9PUISABLE\n<\/h2>\t\t\t\t<\/div>\n\t\t\t\t<\/div>\n\t\t\t\t<div class=\"elementor-element elementor-element-b37e227 color-scheme-inherit text-left elementor-widget elementor-widget-text-editor\" data-id=\"b37e227\" data-element_type=\"widget\" data-e-type=\"widget\" data-widget_type=\"text-editor.default\">\n\t\t\t\t<div class=\"elementor-widget-container\">\n\t\t\t\t\t\t\t\t\t<p class=\"translation-block\">En tant que SMS Enerji, nous avons commenc\u00e9 notre aventure dans le domaine de l'\u00e9nergie solaire en 2011 et, chaque jour, nous enrichissons nos connaissances et notre exp\u00e9rience.\nNous sommes heureux de partager avec vous le savoir-faire que nous avons acquis.<\/p>\t\t\t\t\t\t\t\t<\/div>\n\t\t\t\t<\/div>\n\t\t\t\t<section class=\"wd-negative-gap elementor-section elementor-inner-section elementor-element elementor-element-13bcd7d elementor-section-boxed elementor-section-height-default elementor-section-height-default\" data-id=\"13bcd7d\" data-element_type=\"section\" data-e-type=\"section\">\n\t\t\t\t\t\t<div class=\"elementor-container elementor-column-gap-default\">\n\t\t\t\t\t<div class=\"elementor-column elementor-col-50 elementor-inner-column elementor-element elementor-element-7b8e42f\" data-id=\"7b8e42f\" data-element_type=\"column\" data-e-type=\"column\">\n\t\t\t<div class=\"elementor-widget-wrap elementor-element-populated\">\n\t\t\t\t\t\t<div class=\"elementor-element elementor-element-7f35a75 elementor-widget elementor-widget-wd_button\" data-id=\"7f35a75\" data-element_type=\"widget\" data-e-type=\"widget\" data-widget_type=\"wd_button.default\">\n\t\t\t\t<div class=\"elementor-widget-container\">\n\t\t\t\t\t\t\t<div class=\"wd-button-wrapper text-left\" >\n\t\t\t<a class=\"btn btn-style-bordered btn-shape-rectangle btn-size-large btn-color-white btn-icon-pos-left\"  href=\"\/wp-content\/uploads\/2021\/11\/220915225113.pdf\" target=\"_blank\" rel=\"nofollow noopener\">\n\t\t\t\t<span class=\"wd-btn-text\" data-elementor-setting-key=\"text\">\n\t\t\t\t\tNos domaines d'activit\u00e9\t\t\t\t<\/span>\n\n\t\t\t\t\t\t\t\t\t<span class=\"wd-btn-icon\">\n\t\t\t\t\t\t<span class=\"wd-icon far fa-file-pdf\"><\/span>\t\t\t\t\t<\/span>\n\t\t\t\t\t\t\t<\/a>\n\t\t<\/div>\n\t\t\t\t\t\t<\/div>\n\t\t\t\t<\/div>\n\t\t\t\t\t<\/div>\n\t\t<\/div>\n\t\t\t\t<div class=\"elementor-column elementor-col-50 elementor-inner-column elementor-element elementor-element-938f6d9\" data-id=\"938f6d9\" data-element_type=\"column\" data-e-type=\"column\">\n\t\t\t<div class=\"elementor-widget-wrap elementor-element-populated\">\n\t\t\t\t\t\t<div class=\"elementor-element elementor-element-7793885 elementor-widget elementor-widget-wd_button\" data-id=\"7793885\" data-element_type=\"widget\" data-e-type=\"widget\" data-widget_type=\"wd_button.default\">\n\t\t\t\t<div class=\"elementor-widget-container\">\n\t\t\t\t\t\t\t<div class=\"wd-button-wrapper text-left\" >\n\t\t\t<a class=\"btn btn-style-bordered btn-shape-rectangle btn-size-large btn-color-white btn-icon-pos-left\"  href=\"\/wp-content\/uploads\/2021\/11\/220915112753.pdf\" target=\"_blank\" rel=\"nofollow noopener\">\n\t\t\t\t<span class=\"wd-btn-text\" data-elementor-setting-key=\"text\">\n\t\t\t\t\t\u00c0 propos de nous\t\t\t\t<\/span>\n\n\t\t\t\t\t\t\t\t\t<span class=\"wd-btn-icon\">\n\t\t\t\t\t\t<span class=\"wd-icon far fa-file-pdf\"><\/span>\t\t\t\t\t<\/span>\n\t\t\t\t\t\t\t<\/a>\n\t\t<\/div>\n\t\t\t\t\t\t<\/div>\n\t\t\t\t<\/div>\n\t\t\t\t\t<\/div>\n\t\t<\/div>\n\t\t\t\t\t<\/div>\n\t\t<\/section>\n\t\t\t\t\t<\/div>\n\t\t<\/div>\n\t\t\t\t\t<\/div>\n\t\t<\/section>\n\t\t\t\t<\/div>","protected":false},"excerpt":{"rendered":"<p>Amac\u0131m\u0131z, insanlar\u0131m\u0131za y\u00fczlerini &#8220;G\u00fcne\u015fe D\u00f6nmeleri&#8221; gerekti\u011fini b\u0131kmadan usanmadan anlatmakt\u0131r\u2026 Yerk\u00fcremizde olduk\u00e7a uzun bir ge\u00e7mi\u015fe dayand\u0131\u011f\u0131 d\u00fc\u015f\u00fcn\u00fclen termik s\u0131cak su \u0131s\u0131tma<\/p>","protected":false},"author":1,"featured_media":0,"parent":0,"menu_order":0,"comment_status":"closed","ping_status":"closed","template":"","meta":{"footnotes":""},"class_list":["post-8519","page","type-page","status-publish","hentry"],"_links":{"self":[{"href":"https:\/\/www.smsenerji.com\/fr\/wp-json\/wp\/v2\/pages\/8519","targetHints":{"allow":["GET"]}}],"collection":[{"href":"https:\/\/www.smsenerji.com\/fr\/wp-json\/wp\/v2\/pages"}],"about":[{"href":"https:\/\/www.smsenerji.com\/fr\/wp-json\/wp\/v2\/types\/page"}],"author":[{"embeddable":true,"href":"https:\/\/www.smsenerji.com\/fr\/wp-json\/wp\/v2\/users\/1"}],"replies":[{"embeddable":true,"href":"https:\/\/www.smsenerji.com\/fr\/wp-json\/wp\/v2\/comments?post=8519"}],"version-history":[{"count":0,"href":"https:\/\/www.smsenerji.com\/fr\/wp-json\/wp\/v2\/pages\/8519\/revisions"}],"wp:attachment":[{"href":"https:\/\/www.smsenerji.com\/fr\/wp-json\/wp\/v2\/media?parent=8519"}],"curies":[{"name":"wp","href":"https:\/\/api.w.org\/{rel}","templated":true}]}}